{"id":139,"date":"2016-02-06T11:04:50","date_gmt":"2016-02-06T11:04:50","guid":{"rendered":"http:\/\/acutema.org\/?page_id=139"},"modified":"2016-10-11T11:54:50","modified_gmt":"2016-10-11T11:54:50","slug":"xii-festival-2014","status":"publish","type":"page","link":"https:\/\/acutema.org\/?page_id=139","title":{"rendered":"XII FESTIVAL (2014)"},"content":{"rendered":"<div class=\"embed-container\"><iframe loading=\"lazy\" title=\"Medea 2014 1\" width=\"750\" height=\"563\" src=\"https:\/\/www.youtube.com\/embed\/8sSKRxJMjK0?feature=oembed\" frameborder=\"0\" allow=\"accelerometer; autoplay; clipboard-write; encrypted-media; gyroscope; picture-in-picture; web-share\" allowfullscreen><\/iframe><\/div>\n<div class=\"embed-container\"><iframe loading=\"lazy\" title=\"Prometeo 2014 1\" width=\"750\" height=\"563\" src=\"https:\/\/www.youtube.com\/embed\/Ph4r6r6Q9dE?feature=oembed\" frameborder=\"0\" allow=\"accelerometer; autoplay; clipboard-write; encrypted-media; gyroscope; picture-in-picture; web-share\" allowfullscreen><\/iframe><\/div>\n<h3><\/h3>\n<h3><strong>XII Festival Juvenil Europeo de Teatro Grecolatino \u00a0de M\u00e1laga (2014)<\/strong><\/h3>\n<h3><strong>COORDINADOR<\/strong><\/h3>\n<h3>Ra\u00fal Caballero S\u00e1nchez<\/h3>\n<h3><strong>LUGAR:<\/strong><\/h3>\n<h3>Teatro Romano de M\u00e1laga<\/h3>\n<h3><strong><u>D\u00cdA 8 DE MAYO,\u00a0 JUEVES<\/u><\/strong><\/h3>\n<h3>10,00 horas<\/h3>\n<h3><em>MEDEA<\/em>\u00a0de Eur\u00edpides<\/h3>\n<h3>Grupo AlezeiaTeatro de M\u00e1laga<\/h3>\n<h3>12,00 horas<\/h3>\n<h3><em>PROMETEO<\/em><em>\u00a0<\/em>de Esquilo<\/h3>\n<h3>Grupo INDUO TEATRO de M\u00e1laga<\/h3>\n<h3>17,00 horas<\/h3>\n<h3><em>PROMETEO<\/em><em>\u00a0<\/em>de Esquilo<\/h3>\n<h3>Grupo INDUO TEATRO de M\u00e1laga<\/h3>\n<h3>19,30 horas<\/h3>\n<h3>Espect\u00e1culo dirigido a los asistentes al Congreso Andaluz de Estudios Cl\u00e1sicos (150 plazas) y a todo el p\u00fablico malague\u00f1o (300 plazas):<\/h3>\n<h3><em>PROMETEO<\/em><em>\u00a0<\/em>de Esquilo<\/h3>\n<h3>Grupo INDUO TEATRO de M\u00e1laga<\/h3>\n<h3><strong>RESERVA DE PLAZAS<\/strong><\/h3>\n<h3>P\u00f3nganse en contacto con la Asociaci\u00f3n Cultural de Teatro Grecolatino de M\u00e1laga (Acutema): sms a 653030650 o correo electr\u00f3nico a<a href=\"mailto:teatrogrecolatino@acutema.org\">teatrogrecolatino@acutema.org<\/a><\/h3>\n<h3>Web:\u00a0 \u00a0<a href=\"http:\/\/www.acutema.org\/\">http:\/\/www.acutema.org<\/a><\/h3>\n<h3><strong>OBSERVACIONES<\/strong><\/h3>\n<h3>1.\u00a0\u00a0\u00a0 No hay lugar alternativo de representaci\u00f3n en caso de suspensi\u00f3n por lluvia. Para decidir la suspensi\u00f3n nos atendremos a los protocolos que publicaremos en nuestras webs.<\/h3>\n<h3>2.\u00a0\u00a0\u00a0 Se recuerda a los profesores que no es un Festival adecuado para alumnos de cursos inferiores a 3\u00ba de ESO.<\/h3>\n<h3>3.\u00a0\u00a0\u00a0 Asimismo, se recuerda a los profesores que deben permanecer con sus alumnos desde el momento que acceden al teatro hasta la salida.<\/h3>\n<h3><strong>Organizan<\/strong>: Asociaci\u00f3n Cultural de Teatro Grecolatino de M\u00e1laga (Acutema) e Instituto de Teatro Cl\u00e1sico Grecolatino de Andaluc\u00eda.<\/h3>\n<h3><strong>Patrocinan<\/strong>: Consejer\u00eda de Educaci\u00f3n, Cultura y Deportes de la Junta de Andaluc\u00eda, \u00c1reas de Cultura y Educaci\u00f3n del Ayuntamiento de M\u00e1laga.<\/h3>\n<h3><strong>Colaboran<\/strong>: Universidad de M\u00e1laga (Vicerrectorado de Extensi\u00f3n Universitaria); Sociedad Espa\u00f1ola de Estudios Cl\u00e1sicos; \u00c1rea de Filolog\u00eda Griega de la UMA.<\/h3>\n","protected":false},"excerpt":{"rendered":"<p>XII Festival Juvenil Europeo de Teatro Grecolatino \u00a0de M\u00e1laga (2014) COORDINADOR Ra\u00fal Caballero S\u00e1nchez LUGAR: Teatro Romano de M\u00e1laga D\u00cdA 8 DE MAYO,\u00a0 JUEVES 10,00 horas MEDEA\u00a0de Eur\u00edpides Grupo AlezeiaTeatro de M\u00e1laga 12,00 horas PROMETEO\u00a0de Esquilo Grupo INDUO TEATRO de M\u00e1laga 17,00 horas PROMETEO\u00a0de Esquilo Grupo INDUO TEATRO de M\u00e1laga 19,30 horas Espect\u00e1culo dirigido a &hellip; <\/p>\n<p><a class=\"more-link btn\" href=\"https:\/\/acutema.org\/?page_id=139\">Seguir leyendo<\/a><\/p>\n","protected":false},"author":1,"featured_media":0,"parent":0,"menu_order":0,"comment_status":"closed","ping_status":"closed","template":"","meta":{"footnotes":""},"class_list":["post-139","page","type-page","status-publish","hentry","nodate","item-wrap"],"_links":{"self":[{"href":"https:\/\/acutema.org\/index.php?rest_route=\/wp\/v2\/pages\/139","targetHints":{"allow":["GET"]}}],"collection":[{"href":"https:\/\/acutema.org\/index.php?rest_route=\/wp\/v2\/pages"}],"about":[{"href":"https:\/\/acutema.org\/index.php?rest_route=\/wp\/v2\/types\/page"}],"author":[{"embeddable":true,"href":"https:\/\/acutema.org\/index.php?rest_route=\/wp\/v2\/users\/1"}],"replies":[{"embeddable":true,"href":"https:\/\/acutema.org\/index.php?rest_route=%2Fwp%2Fv2%2Fcomments&post=139"}],"version-history":[{"count":7,"href":"https:\/\/acutema.org\/index.php?rest_route=\/wp\/v2\/pages\/139\/revisions"}],"predecessor-version":[{"id":248,"href":"https:\/\/acutema.org\/index.php?rest_route=\/wp\/v2\/pages\/139\/revisions\/248"}],"wp:attachment":[{"href":"https:\/\/acutema.org\/index.php?rest_route=%2Fwp%2Fv2%2Fmedia&parent=139"}],"curies":[{"name":"wp","href":"https:\/\/api.w.org\/{rel}","templated":true}]}}