{"id":145,"date":"2016-02-06T11:00:39","date_gmt":"2016-02-06T11:00:39","guid":{"rendered":"http:\/\/acutema.org\/?page_id=145"},"modified":"2023-06-23T10:52:34","modified_gmt":"2023-06-23T10:52:34","slug":"ix-festival-2011-2","status":"publish","type":"page","link":"https:\/\/acutema.org\/?page_id=145","title":{"rendered":"IX FESTIVAL (2011)"},"content":{"rendered":"<h3>I<strong>X Festival Juvenil Europeo de Teatro Grecolatino de M\u00e1laga (2011)<\/strong><\/h3>\n<h3><strong>COORDINADOR<\/strong><\/h3>\n<h3>Ra\u00fal Caballero<\/h3>\n<h3><strong>LUGAR:<\/strong><\/h3>\n<h3>Sala Falla del Conservatorio Superior de M\u00fasica de El Ejido en M\u00e1laga<\/h3>\n<h3><\/h3>\n<h3><strong><u>D\u00cdA 3 DE MAYO,\u00a0 MARTES<\/u><\/strong><\/h3>\n<h3>11:30 horas<\/h3>\n<h3><em>PROMETEO ENCADENADO,<\/em>\u00a0de Esquilo.\u00a0 Grupo \u201cEl Aedo Teatro\u201d, de El Puerto de Santa Mar\u00eda (C\u00e1diz)<\/h3>\n<h3>16:30 horas<\/h3>\n<h3><strong>\u00a0<\/strong><em>POENULUS<\/em><em>,<\/em><em>\u00a0<\/em>de Plauto<\/h3>\n<h3>\u00a0Grupo \u201cEl Aedo Teatro\u201d, de El Puerto de Santa Mar\u00eda (C\u00e1diz)<\/h3>\n<h3>\u00a0<strong><u>D\u00cdA 4 DE MAYO,\u00a0 MI\u00c9RCOLES<\/u><\/strong><\/h3>\n<h3>11:30 horas<\/h3>\n<h3><em>LA FORTUNA DE ANDR\u00d3MEDA Y PERSEO, <\/em>de Calder\u00f3n de la Barca. Grupo \u201cTeatro Universitario Cl\u00e1sico\u201d de la Universidad de Alicante.<\/h3>\n<h3>16:30 horas<\/h3>\n<h3><em>MEDEA, <\/em>de Eur\u00edpides. Grupo de Teatro Cl\u00e1sico \u201cESAD-M\u00e1laga\u201d<\/h3>\n<h3><strong>\u00a0<\/strong><\/h3>\n<h3><strong>RESERVAS, INSCRIPCIONES Y LIBROS<\/strong><\/h3>\n<h3><strong>1. Reservas. <\/strong>Los centros interesados en asistir a las representaciones deber\u00e1n reservar entrada llamando, de 10:00 a 14:30 horas a los tel\u00e9fonos 91 500 06 62 \/ 32 70 \/31 74\/. Las reservas pueden hacerse a partir de octubre de 2010.<\/h3>\n<h3><strong>2. Inscripci\u00f3n. <\/strong>Se enviar\u00e1 la HOJA DE INSCRIPCI\u00d3N cumplimentada con el justificante de ingreso de la entidad bancaria a: CRETA, c\/ San M\u00e1ximo 31, 4\u00ba 8, Edificio 200, 28041 Madrid. Quedar\u00e1n en suspenso las reservas cuya hoja de inscripci\u00f3n con el justificante de ingreso no haya sido recibida en los quince d\u00edas lectivos posteriores a la fecha en que se haya hecho la reserva por tel\u00e9fono.<\/h3>\n<h3><strong>2. Env\u00edo de libros. <\/strong>El texto de la obra se enviar\u00e1 a los Centros con tiempo suficiente para que pueda ser estudiado en clase por los alumnos y profesores que asistan al Festival.<\/h3>\n<h3><strong>\u00a0<\/strong><\/h3>\n<h3><strong>CONTACTOS<\/strong><\/h3>\n<h3>Asociaci\u00f3n Cultural de Teatro Grecolatino de M\u00e1laga (Acutema): 653030650 y 952131810.<\/h3>\n<h3>E-mail:\u00a0<a href=\"mailto:teatrogrecolatino@acutema.org\">teatrogrecolatino@acutema.org<\/a><\/h3>\n<h3>Webs:\u00a0 \u00a0<a href=\"http:\/\/www.acutema.org\/\">http:\/\/www.acutema.org<\/a>\u00a0 \u00a0 \u00a0<a href=\"http:\/\/www.teatroenitalica.com\/\">http:\/\/www.teatroenitalica.com<\/a>\u00a0 \u00a0<a href=\"http:\/\/www.prosoponteatro.com\/\">http:\/\/www.prosoponteatro.com<\/a><\/h3>\n<h3><\/h3>\n<h3><strong>OBSERVACIONES<\/strong><\/h3>\n<h3>1.\u00a0\u00a0\u00a0 No hay lugar alternativo de representaci\u00f3n en caso de suspensi\u00f3n por lluvia.<\/h3>\n<h3>2.\u00a0\u00a0\u00a0 Por motivos ajenos a nuestra voluntad, en caso de suspensi\u00f3n por lluvia o fuerza mayor no se devolver\u00e1 el dinero de la reserva. Para decidir la suspensi\u00f3n nos atendremos a los protocolos que publicaremos en nuestras webs.<\/h3>\n<h3>3.\u00a0\u00a0\u00a0 Se recuerda a los profesores que no es un Festival adecuado para alumnos de cursos inferiores a 3\u00ba de ESO.<\/h3>\n<h3>4.\u00a0\u00a0\u00a0 Asimismo, se recuerda a los profesores que deben permanecer con sus alumnos desde el momento que acceden al teatro hasta la salida.<\/h3>\n<h3><\/h3>\n<h3><strong>PARA UN PROGRAMA DE VISITAS: <\/strong><\/h3>\n<h3><a href=\"http:\/\/www.malagaturismo.com\">www.malagaturismo.com<\/a> y <a href=\"http:\/\/www.ayto-malaga.es\">www.ayto-malaga.es<\/a><\/h3>\n<h3><strong>Organizan<\/strong>: Asociaci\u00f3n Cultural de Teatro Grecolatino de M\u00e1laga (Acutema) y Fundaci\u00f3n C.R.E.T.A.<\/h3>\n<h3><strong>Coordinadores<\/strong>: Aurelio P\u00e9rez Jim\u00e9nez, Ra\u00fal Caballero, Miguel Briones Artacho y Carlos Alcalde Mart\u00edn.<\/h3>\n<h3><strong>Patrocinan<\/strong>: Consejer\u00eda de Cultura de la Junta de Andaluc\u00eda y \u00c1rea de Cultura del Ayuntamiento de M\u00e1laga.<\/h3>\n<h3><strong>Colaboran<\/strong>: Consejer\u00eda de Educaci\u00f3n, Universidad de M\u00e1laga (Vicerrectorado de Cultura y Relaciones internacionales), Centro de Ediciones de la Diputaci\u00f3n Provincial de M\u00e1laga (CEDMA) y Escuela Superior de Arte Dram\u00e1tico de M\u00e1laga (ESAD).<\/h3>\n","protected":false},"excerpt":{"rendered":"<p>IX Festival Juvenil Europeo de Teatro Grecolatino de M\u00e1laga (2011) COORDINADOR Ra\u00fal Caballero LUGAR: Sala Falla del Conservatorio Superior de M\u00fasica de El Ejido en M\u00e1laga D\u00cdA 3 DE MAYO,\u00a0 MARTES 11:30 horas PROMETEO ENCADENADO,\u00a0de Esquilo.\u00a0 Grupo \u201cEl Aedo Teatro\u201d, de El Puerto de Santa Mar\u00eda (C\u00e1diz) 16:30 horas \u00a0POENULUS,\u00a0de Plauto \u00a0Grupo \u201cEl Aedo Teatro\u201d, &hellip; <\/p>\n<p><a class=\"more-link btn\" href=\"https:\/\/acutema.org\/?page_id=145\">Seguir leyendo<\/a><\/p>\n","protected":false},"author":1,"featured_media":0,"parent":0,"menu_order":0,"comment_status":"closed","ping_status":"closed","template":"","meta":{"footnotes":""},"class_list":["post-145","page","type-page","status-publish","hentry","nodate","item-wrap"],"_links":{"self":[{"href":"https:\/\/acutema.org\/index.php?rest_route=\/wp\/v2\/pages\/145","targetHints":{"allow":["GET"]}}],"collection":[{"href":"https:\/\/acutema.org\/index.php?rest_route=\/wp\/v2\/pages"}],"about":[{"href":"https:\/\/acutema.org\/index.php?rest_route=\/wp\/v2\/types\/page"}],"author":[{"embeddable":true,"href":"https:\/\/acutema.org\/index.php?rest_route=\/wp\/v2\/users\/1"}],"replies":[{"embeddable":true,"href":"https:\/\/acutema.org\/index.php?rest_route=%2Fwp%2Fv2%2Fcomments&post=145"}],"version-history":[{"count":3,"href":"https:\/\/acutema.org\/index.php?rest_route=\/wp\/v2\/pages\/145\/revisions"}],"predecessor-version":[{"id":686,"href":"https:\/\/acutema.org\/index.php?rest_route=\/wp\/v2\/pages\/145\/revisions\/686"}],"wp:attachment":[{"href":"https:\/\/acutema.org\/index.php?rest_route=%2Fwp%2Fv2%2Fmedia&parent=145"}],"curies":[{"name":"wp","href":"https:\/\/api.w.org\/{rel}","templated":true}]}}