{"id":147,"date":"2016-02-06T11:03:11","date_gmt":"2016-02-06T11:03:11","guid":{"rendered":"http:\/\/acutema.org\/?page_id=147"},"modified":"2016-02-06T11:03:11","modified_gmt":"2016-02-06T11:03:11","slug":"viii-festival-2010","status":"publish","type":"page","link":"https:\/\/acutema.org\/?page_id=147","title":{"rendered":"VIII FESTIVAL (2010)"},"content":{"rendered":"<h3><strong>VIII FESTIVAL DE TEATRO GRECOLATINO DE M\u00c1LAGA (2010)<\/strong><\/h3>\n<h3>LUGAR: Teatro Romano<\/h3>\n<h3><\/h3>\n<h3>D\u00cdA 3 DE MAYO, MARTES<br \/>\n11:30 Prometeo Encadenado de Esquilo. Grupo \u00abEl Aedo Teatro\u00bb, de El Puerto de Santa Mar\u00eda (C\u00e1diz).<br \/>\n16:30 Poenulus de Plauto. Grupo \u00abEl Aedo Teatro\u00bb, de El Puerto de Santa Mar\u00eda (C\u00e1diz).<\/h3>\n<h3>D\u00cdA 4 DE MAYO, MI\u00c9RCOLES<br \/>\n11:30 La fortuna de Andr\u00f3meda y Perseo de Calder\u00f3n de la Barca. Grupo \u00abTeatro Universitario Cl\u00e1sico\u00bb de la Universidad de Alicante.<br \/>\n16:30 Medea de Eur\u00edpides. Grupo de Teatro Cl\u00e1sico \u00abESAD-M\u00e1laga\u00bb.<\/h3>\n<h3><\/h3>\n<h3><strong>Reservas, inscripciones y libros:<\/strong><\/h3>\n<h3><strong>1. Reservas.<\/strong> Los Centros interesados en asistir a las representaciones deber\u00e1n reservar entrada llamando, de 10,00 a 14,30 horas, a los tel\u00e9fonos 91 500 06 62 \/ 32 70 \/ 31 74. Las reservas pueden hacerse a partir del 1 de octubre de 2010.<br \/>\n<strong>2.\u00a0Inscripci\u00f3n.<\/strong> Se enviar\u00e1 la HOJA DE INSCRIPCI\u00d3N cumplimentada con el justificante de ingreso de la entidad bancaria por correo a: C.R.E.T.A, c\/ San M\u00e1ximo 31, 4\u00ba 8, Edificio 2000, 28041 Madrid. Quedar\u00e1n en suspenso las reservas cuya hoja de inscripci\u00f3n con el justificante de ingreso no haya sido recibida en los quince d\u00edas lectivos posteriores a la fecha en que se haya hecho la reserva por tel\u00e9fono.<br \/>\n<strong>3. Env\u00edo de libros.<\/strong> El texto de la obra se enviar\u00e1 a los Centros con tiempo suficiente para que pueda ser estudiado en clase por los alumnos y profesores que asistan al Festival.<\/h3>\n<h3><\/h3>\n<h3>Para un programa de visitas:<br \/>\nwww.malagaturismo.com \u2022 www.ayto-malaga.es<\/h3>\n<p>&nbsp;<\/p>\n<h3>ORGANIZAN: ASOCIACI\u00d3N CULTURAL DE TEATRO GRECORROMANO DE M\u00c1LAGA (ACUTEMA) Y FUNDACI\u00d3N C.R.E.T.A.<\/h3>\n<h3>COORDINADORES: Aurelio P\u00e9rez Jim\u00e9nez, Ra\u00fal Caballero, Miguel Briones Artacho y Carlos Alcalde Mart\u00edn<\/h3>\n<p>&nbsp;<\/p>\n","protected":false},"excerpt":{"rendered":"<p>VIII FESTIVAL DE TEATRO GRECOLATINO DE M\u00c1LAGA (2010) LUGAR: Teatro Romano D\u00cdA 3 DE MAYO, MARTES 11:30 Prometeo Encadenado de Esquilo. Grupo \u00abEl Aedo Teatro\u00bb, de El Puerto de Santa Mar\u00eda (C\u00e1diz). 16:30 Poenulus de Plauto. Grupo \u00abEl Aedo Teatro\u00bb, de El Puerto de Santa Mar\u00eda (C\u00e1diz). D\u00cdA 4 DE MAYO, MI\u00c9RCOLES 11:30 La fortuna &hellip; <\/p>\n<p><a class=\"more-link btn\" href=\"https:\/\/acutema.org\/?page_id=147\">Seguir leyendo<\/a><\/p>\n","protected":false},"author":1,"featured_media":0,"parent":0,"menu_order":0,"comment_status":"closed","ping_status":"closed","template":"","meta":{"footnotes":""},"class_list":["post-147","page","type-page","status-publish","hentry","nodate","item-wrap"],"_links":{"self":[{"href":"https:\/\/acutema.org\/index.php?rest_route=\/wp\/v2\/pages\/147","targetHints":{"allow":["GET"]}}],"collection":[{"href":"https:\/\/acutema.org\/index.php?rest_route=\/wp\/v2\/pages"}],"about":[{"href":"https:\/\/acutema.org\/index.php?rest_route=\/wp\/v2\/types\/page"}],"author":[{"embeddable":true,"href":"https:\/\/acutema.org\/index.php?rest_route=\/wp\/v2\/users\/1"}],"replies":[{"embeddable":true,"href":"https:\/\/acutema.org\/index.php?rest_route=%2Fwp%2Fv2%2Fcomments&post=147"}],"version-history":[{"count":2,"href":"https:\/\/acutema.org\/index.php?rest_route=\/wp\/v2\/pages\/147\/revisions"}],"predecessor-version":[{"id":155,"href":"https:\/\/acutema.org\/index.php?rest_route=\/wp\/v2\/pages\/147\/revisions\/155"}],"wp:attachment":[{"href":"https:\/\/acutema.org\/index.php?rest_route=%2Fwp%2Fv2%2Fmedia&parent=147"}],"curies":[{"name":"wp","href":"https:\/\/api.w.org\/{rel}","templated":true}]}}