{"id":149,"date":"2016-02-06T11:02:18","date_gmt":"2016-02-06T11:02:18","guid":{"rendered":"http:\/\/acutema.org\/?page_id=149"},"modified":"2016-02-06T11:02:18","modified_gmt":"2016-02-06T11:02:18","slug":"vii-festival-2009","status":"publish","type":"page","link":"https:\/\/acutema.org\/?page_id=149","title":{"rendered":"VII FESTIVAL (2009)"},"content":{"rendered":"<h3><strong>VII FESTIVAL DE TEATRO GRECOLATINO DE M\u00c1LAGA (2009)<\/strong><\/h3>\n<h3>LUGAR: Sala \u00abManual de Falla\u00bb del Conservatorio Superior de M\u00fasica.<\/h3>\n<h3>D\u00cdA 5 DE MAYO, MARTES<\/h3>\n<h3>11:30 Fenicias, de Plauto. Grupo \u201cHypokrit\u00e9s\u201d, de Villaviciosa de Od\u00f3n (Madrid).<br \/>\n16:30 Mis\u00e1ntropo, de Menandro. Grupo \u201cHypokrit\u00e9s\u201d, de Villaviciosa de Od\u00f3n\u00a0(Madrid).<\/h3>\n<h3>D\u00cdA 6 DE MAYO, MI\u00c9RCOLES<\/h3>\n<h3>11:30 Vespas, de Arist\u00f3fanes. Grupo \u201cTh\u00edasos\u201d, de Coimbra (Portugal).<br \/>\n16:30 Edipo Rey, de S\u00f3focles. Grupo de Teatro Cl\u00e1sico \u201cESAD-M\u00e1laga\u201d, M\u00e1laga.<\/h3>\n<h3><strong>Reservas, inscripciones y libros<\/strong><br \/>\n1. Reservas. Los Centros interesados en asistir a las representaciones deber\u00e1n reservar\u00a0entrada llamando, de 10,00 a 14,30 horas, a los tel\u00e9fonos 91 500 06 62 \/ 32 70 \/ 31 74.<br \/>\n2. Inscripci\u00f3n. Se enviar\u00e1 la HOJA DE INSCRIPCI\u00d3N cumplimentada con el justificante\u00a0de ingreso de la entidad bancaria por correo a: C.R.E.T.A, c\/ San M\u00e1ximo 31, 4\u00ba 8,\u00a0Edificio 2000, 28041 Madrid. Quedar\u00e1n en suspenso las reservas cuya hoja de inscripci\u00f3n\u00a0con el justificante de ingreso no haya sido recibida en los quince d\u00edas lectivos\u00a0posteriores a la fecha en que se haya hecho la reserva por tel\u00e9fono.<br \/>\n3. Env\u00edo de libros. Los textos de las obras elegidas se enviar\u00e1n a los Centros con<br \/>\ntiempo suficiente para que puedan ser estudiados en clase por los alumnos y profesores\u00a0que asistan al Festival.<\/h3>\n<h3>Para un programa de visitas:<br \/>\nwww.malagaturismo.com \u2022 www.ayto-malaga.es<\/h3>\n<h3>ORGANIZAN: ASOCIACI\u00d3N CULTURAL DE TEATRO GRECORROMANO DE M\u00c1LAGA<br \/>\n(ACUTEMA) Y FUNDACI\u00d3N C.R.E.T.A. CENTRO PARA LA REPRESENTACI\u00d3N\u00a0Y ESTUDIO DEL TEATRO ANTIGUO<\/h3>\n<h3>COORDINADORES: Aurelio P\u00e9rez Jim\u00e9nez, Ra\u00fal Caballero, Miguel Briones Artacho\u00a0y Carlos Alcalde Mart\u00edn<\/h3>\n","protected":false},"excerpt":{"rendered":"<p>VII FESTIVAL DE TEATRO GRECOLATINO DE M\u00c1LAGA (2009) LUGAR: Sala \u00abManual de Falla\u00bb del Conservatorio Superior de M\u00fasica. D\u00cdA 5 DE MAYO, MARTES 11:30 Fenicias, de Plauto. Grupo \u201cHypokrit\u00e9s\u201d, de Villaviciosa de Od\u00f3n (Madrid). 16:30 Mis\u00e1ntropo, de Menandro. Grupo \u201cHypokrit\u00e9s\u201d, de Villaviciosa de Od\u00f3n\u00a0(Madrid). D\u00cdA 6 DE MAYO, MI\u00c9RCOLES 11:30 Vespas, de Arist\u00f3fanes. Grupo \u201cTh\u00edasos\u201d, &hellip; <\/p>\n<p><a class=\"more-link btn\" href=\"https:\/\/acutema.org\/?page_id=149\">Seguir leyendo<\/a><\/p>\n","protected":false},"author":1,"featured_media":0,"parent":0,"menu_order":0,"comment_status":"closed","ping_status":"closed","template":"","meta":{"footnotes":""},"class_list":["post-149","page","type-page","status-publish","hentry","nodate","item-wrap"],"_links":{"self":[{"href":"https:\/\/acutema.org\/index.php?rest_route=\/wp\/v2\/pages\/149","targetHints":{"allow":["GET"]}}],"collection":[{"href":"https:\/\/acutema.org\/index.php?rest_route=\/wp\/v2\/pages"}],"about":[{"href":"https:\/\/acutema.org\/index.php?rest_route=\/wp\/v2\/types\/page"}],"author":[{"embeddable":true,"href":"https:\/\/acutema.org\/index.php?rest_route=\/wp\/v2\/users\/1"}],"replies":[{"embeddable":true,"href":"https:\/\/acutema.org\/index.php?rest_route=%2Fwp%2Fv2%2Fcomments&post=149"}],"version-history":[{"count":1,"href":"https:\/\/acutema.org\/index.php?rest_route=\/wp\/v2\/pages\/149\/revisions"}],"predecessor-version":[{"id":150,"href":"https:\/\/acutema.org\/index.php?rest_route=\/wp\/v2\/pages\/149\/revisions\/150"}],"wp:attachment":[{"href":"https:\/\/acutema.org\/index.php?rest_route=%2Fwp%2Fv2%2Fmedia&parent=149"}],"curies":[{"name":"wp","href":"https:\/\/api.w.org\/{rel}","templated":true}]}}