{"id":15,"date":"2016-01-15T10:48:02","date_gmt":"2016-01-15T10:48:02","guid":{"rendered":"http:\/\/acutema.org\/?page_id=15"},"modified":"2016-11-20T10:19:07","modified_gmt":"2016-11-20T10:19:07","slug":"inicio","status":"publish","type":"page","link":"https:\/\/acutema.org\/?page_id=15","title":{"rendered":"XIV FESTIVAL (2016)"},"content":{"rendered":"<h1><span style=\"color: #ff0000;\"><strong>XIV FESTIVAL JUVENIL EUROPEO DE TEATRO GRECOLATINO (2016)<\/strong><\/span><\/h1>\n<h3><\/h3>\n<h3><span style=\"color: #0000ff;\"><strong>COORDINADOR<\/strong><\/span><\/h3>\n<h3>Antonio L\u00f3pez G\u00e1miz<\/h3>\n<h3><span style=\"color: #0000ff;\"><strong>LUGAR<\/strong><\/span><\/h3>\n<h3>Teatro Romano de M\u00e1laga<\/h3>\n<h3><\/h3>\n<h3><span style=\"color: #ff0000;\"><strong>D\u00cdA 5 DE MAYO,\u00a0 JUEVES<\/strong><\/span><\/h3>\n<h3><strong><span style=\"color: #339966;\">10,00 horas<\/span><\/strong><\/h3>\n<h3><strong>C\u00c1SINA<\/strong>, de Plauto<\/h3>\n<h3>Grupo <span style=\"color: #3366ff;\"><a style=\"color: #3366ff;\" href=\"https:\/\/www.facebook.com\/alezeiateatro\/\">Alezeia Teatro, de Benalm\u00e1dena (M\u00e1laga)<\/a><\/span><\/h3>\n<h3><strong><span style=\"color: #008000;\">12,00 horas<\/span><\/strong><\/h3>\n<h3><strong>LAS CO\u00c9FORAS, <\/strong>de Esquilo<\/h3>\n<h3>Grupo <span style=\"color: #0000ff;\">TEATRO BALBO, del Puerto de Santa Mar\u00eda (C\u00e1diz)<\/span><\/h3>\n<h3><strong><span style=\"color: #008000;\">17,00 horas<\/span><\/strong><\/h3>\n<h3><strong>C\u00c1SINA<\/strong>, de Plauto<\/h3>\n<h3>Grupo <a href=\"https:\/\/www.facebook.com\/alezeiateatro\/\">Alezeia Teatro, de Benalm\u00e1dena (M\u00e1laga)<\/a><\/h3>\n<h3><strong><span style=\"color: #008000;\">19,30 horas (sesi\u00f3n abierta al p\u00fablico en general)<\/span><\/strong><\/h3>\n<h3><strong>LAS CO\u00c9FORAS, <\/strong>de Esquilo<\/h3>\n<h3>Grupo <span style=\"color: #0000ff;\">TEATRO BALBO, del Puerto de Santa Mar\u00eda (C\u00e1diz)<\/span><\/h3>\n<h3><\/h3>\n<h3><span style=\"color: #0000ff;\"><strong>RESERVA DE PLAZAS<\/strong><\/span><\/h3>\n<ul>\n<li>\n<h3>Centros educativos: Ponerse en contacto con la Asociaci\u00f3n Cultural de Teatro Grecolatino de M\u00e1laga (ACUTEMA): SMS al 609185174 o mediante correo electr\u00f3nico a <a href=\"mailto:teatrogrecolatino@acutema.org\">teatrogrecolatino@acutema.org<\/a> Web:\u00a0\u00a0 <a href=\"http:\/\/www.acutema.org\">http:\/\/www.acutema.org<\/a><\/h3>\n<\/li>\n<li>\n<h3>Sesi\u00f3n de las 19,30 horas: A trav\u00e9s de la web de ACUTEMA.<\/h3>\n<\/li>\n<\/ul>\n<h3><\/h3>\n<h3><span style=\"color: #0000ff;\"><strong>OBSERVACIONES<\/strong><\/span><\/h3>\n<ol>\n<li>\n<h3>No hay lugar alternativo de representaci\u00f3n en caso de suspensi\u00f3n por lluvia. Para decidir la suspensi\u00f3n nos atendremos a los protocolos que publicaremos en nuestra web.<\/h3>\n<\/li>\n<li>\n<h3>Se recuerda a los profesores que no es un Festival adecuado para alumnos de cursos inferiores a 3\u00ba de ESO.<\/h3>\n<\/li>\n<li>\n<h3>Asimismo, se recuerda a los profesores\/as que deben permanecer con su alumnado desde el momento en que accedan al teatro hasta la salida.<\/h3>\n<\/li>\n<\/ol>\n<h3><\/h3>\n<h3><strong>Organizan<\/strong>: Asociaci\u00f3n Cultural de Teatro Grecolatino de M\u00e1laga (ACUTEMA) e Instituto de Teatro Cl\u00e1sico Grecolatino de Andaluc\u00eda.<\/h3>\n<h3><strong>Patrocinan<\/strong>: Consejer\u00eda de Educaci\u00f3n, Cultura y Deportes de la Junta de Andaluc\u00eda y \u00c1reas de Cultura y Educaci\u00f3n del Ayuntamiento de M\u00e1laga.<\/h3>\n<h3><strong>Colaboran<\/strong>: Universidad de M\u00e1laga (Vicerrectorado de Extensi\u00f3n Universitaria), Sociedad Espa\u00f1ola de Estudios Cl\u00e1sicos y \u00c1rea de Filolog\u00eda Griega de la UMA.<\/h3>\n","protected":false},"excerpt":{"rendered":"<p>XIV FESTIVAL JUVENIL EUROPEO DE TEATRO GRECOLATINO (2016) COORDINADOR Antonio L\u00f3pez G\u00e1miz LUGAR Teatro Romano de M\u00e1laga D\u00cdA 5 DE MAYO,\u00a0 JUEVES 10,00 horas C\u00c1SINA, de Plauto Grupo Alezeia Teatro, de Benalm\u00e1dena (M\u00e1laga) 12,00 horas LAS CO\u00c9FORAS, de Esquilo Grupo TEATRO BALBO, del Puerto de Santa Mar\u00eda (C\u00e1diz) 17,00 horas C\u00c1SINA, de Plauto Grupo Alezeia &hellip; <\/p>\n<p><a class=\"more-link btn\" href=\"https:\/\/acutema.org\/?page_id=15\">Seguir leyendo<\/a><\/p>\n","protected":false},"author":1,"featured_media":0,"parent":0,"menu_order":0,"comment_status":"closed","ping_status":"closed","template":"","meta":{"footnotes":""},"class_list":["post-15","page","type-page","status-publish","hentry","nodate","item-wrap"],"_links":{"self":[{"href":"https:\/\/acutema.org\/index.php?rest_route=\/wp\/v2\/pages\/15","targetHints":{"allow":["GET"]}}],"collection":[{"href":"https:\/\/acutema.org\/index.php?rest_route=\/wp\/v2\/pages"}],"about":[{"href":"https:\/\/acutema.org\/index.php?rest_route=\/wp\/v2\/types\/page"}],"author":[{"embeddable":true,"href":"https:\/\/acutema.org\/index.php?rest_route=\/wp\/v2\/users\/1"}],"replies":[{"embeddable":true,"href":"https:\/\/acutema.org\/index.php?rest_route=%2Fwp%2Fv2%2Fcomments&post=15"}],"version-history":[{"count":7,"href":"https:\/\/acutema.org\/index.php?rest_route=\/wp\/v2\/pages\/15\/revisions"}],"predecessor-version":[{"id":238,"href":"https:\/\/acutema.org\/index.php?rest_route=\/wp\/v2\/pages\/15\/revisions\/238"}],"wp:attachment":[{"href":"https:\/\/acutema.org\/index.php?rest_route=%2Fwp%2Fv2%2Fmedia&parent=15"}],"curies":[{"name":"wp","href":"https:\/\/api.w.org\/{rel}","templated":true}]}}