{"id":235,"date":"2016-09-12T17:18:56","date_gmt":"2016-09-12T17:18:56","guid":{"rendered":"http:\/\/acutema.org\/?page_id=235"},"modified":"2024-09-11T12:13:57","modified_gmt":"2024-09-11T12:13:57","slug":"xv-festival","status":"publish","type":"page","link":"https:\/\/acutema.org\/?page_id=235","title":{"rendered":"XX FESTIVAL (2024)"},"content":{"rendered":"<h4>\u00a0<\/h4>\n<h4><strong><span style=\"color: #ff00ff;\"><span style=\"color: #0000ff;\">XX FESTIVAL JUVENIL DE TEATRO GRECOLATINO DE M\u00c1LAGA (ABRIL DE 2024)<\/span><br \/><\/span><\/strong><\/h4>\n<h4><strong><span style=\"color: #000000;\">Inscripci\u00f3n para centros educativos (s\u00f3lo para recogida de datos):<\/span><\/strong><\/h4>\n<p><a href=\"https:\/\/forms.gle\/kxet3PeAKMZw8fjd9\">https:\/\/forms.gle\/kxet3PeAKMZw8fjd9<\/a><\/p>\n<h4><span style=\"color: #0000ff;\"><strong><span style=\"color: #000000;\">Instrucciones para la reserva. Solicitar informaci\u00f3n en:<\/span> <\/strong><\/span><\/h4>\n<p><img loading=\"lazy\" decoding=\"async\" class=\"alignnone size-full wp-image-476\" src=\"https:\/\/acutema.org\/wp-content\/uploads\/Email-teatro-2.jpg\" alt=\"\" width=\"289\" height=\"86\" \/><\/p>\n<h3><span style=\"color: #ff0000;\"><strong>COORDINADOR<\/strong><\/span><\/h3>\n<h3>Antonio L\u00f3pez G\u00e1miz<\/h3>\n<h3><span style=\"color: #0000ff;\"><strong>LUGAR<\/strong><\/span><\/h3>\n<h4><span style=\"color: #ff00ff;\">Patio del Palacio de la Aduana<\/span> (Centro Hist\u00f3rico de M\u00e1laga, a 1 minutos a pie del el Teatro Romano, 350 espectadores)<\/h4>\n<p><span style=\"color: #ff0000;\">(INFORMACI\u00d3N ACTUALIZADA A 12\/04\/2024)<\/span><\/p>\n<h3>\u00a0<\/h3>\n<h3><span style=\"color: #0000ff;\"><strong>D\u00cdA 16 DE ABRIL,\u00a0 MARTES<\/strong><\/span><\/h3>\n<h3>\u00a010h: <span style=\"color: #ff0000;\">C\u00c1SINA<\/span>, de Plauto <span style=\"color: #ff0000;\">[COMPLETO]<\/span><\/h3>\n<h3><span style=\"color: #800080;\">Grupo BALBO, del Puerto de Santa Mar\u00eda (C\u00e1diz) <a href=\"https:\/\/www.teatrobalbo.com\/\">https:\/\/www.teatrobalbo.com\/<\/a><\/span><\/h3>\n<h3>12h.: <span style=\"color: #ff0000;\">TROYANAS<\/span><strong>, <\/strong>de Eur\u00edpides\u00a0<span style=\"color: #ff0000;\">[COMPLETO]<\/span><\/h3>\n<h3><span style=\"color: #800080;\">Grupo BALBO, del Puerto de Santa Mar\u00eda (C\u00e1diz) <a href=\"https:\/\/www.teatrobalbo.com\/\">https:\/\/www.teatrobalbo.com\/<\/a><\/span><\/h3>\n<h3>16,30h: <span style=\"color: #ff0000;\">TESMOFORIAS<\/span>, de Arist\u00f3fanes <span style=\"color: #ff0000;\">[\u00daltimas plazas. Llamar antes de reservar]<\/span><\/h3>\n<h3><span style=\"color: #800080;\">Alezeia Teatro, del Colegio Maravillas de Benalm\u00e1dena (M\u00e1laga)<\/span><\/h3>\n<p><u><a href=\"https:\/\/www.facebook.com\/alezeiateatro\/\">https:\/\/www.facebook.com\/alezeiateatro\/<\/a><\/u><\/p>\n<h3><span style=\"color: #0000ff;\"><strong>D\u00cdA 17 DE ABRIL,\u00a0 MI\u00c9RCOLES<\/strong><\/span><\/h3>\n<h3>10h:\u00a0<span style=\"color: #ff0000;\">MEDEA<span style=\"color: #000000;\">, de Eur\u00edpides <\/span><\/span><span style=\"color: #ff0000;\">[COMPLETO]<\/span><\/h3>\n<h3><span style=\"color: #800080;\">Grupo de la ESAD de M\u00e1laga, dirigido por Sergio Montes<\/span><\/h3>\n<h3><u><a href=\"http:\/\/www.esadmalaga.com\/\">http:\/\/www.esadmalaga.com\/<\/a><\/u><\/h3>\n<h3>12h: <span style=\"color: #ff0000;\">ASINARIA<\/span><strong>, <\/strong>de Plauto <span style=\"color: #ff0000;\">[COMPLETO]<\/span><\/h3>\n<h3><span style=\"color: #800080;\"><strong>Grupo P\u00e1rodos, del\u00a0IES\u00a0&#8216;Siberia Extreme\u00f1a&#8217; de Talarrubias (Badajoz)<\/strong><\/span><\/h3>\n<p><a href=\"https:\/\/iessiberiaextrem.educarex.es\/index.php\/proyectos\/grupoteatro\">https:\/\/iessiberiaextrem.educarex.es\/index.php\/proyectos\/grupoteatro<\/a><\/p>\n<h3>16:30h: <span style=\"color: #ff0000;\">LA PAZ<\/span><strong>, <\/strong>de Arist\u00f3fanes <span style=\"color: #ff0000;\">[Plazas disponibles]<\/span><\/h3>\n<h3><span style=\"color: #800080;\"><strong>Grupo P\u00e1rodos, del\u00a0IES\u00a0&#8216;Siberia Extreme\u00f1a&#8217; de Talarrubias (Badajoz)<\/strong><\/span><\/h3>\n<p><a href=\"https:\/\/iessiberiaextrem.educarex.es\/index.php\/proyectos\/grupoteatro\">https:\/\/iessiberiaextrem.educarex.es\/index.php\/proyectos\/grupoteatro<\/a><\/p>\n<h4>\u00a0<\/h4>\n<h4><strong>Modo de inscribirse y hacer la reserva: <\/strong><\/h4>\n<h4>Contactar\u00a0con la Asociaci\u00f3n Cultural de Teatro Grecolatino de M\u00e1laga (ACUTEMA) mediante correo electr\u00f3nico a\u00a0<a href=\"mailto:teatrogrecolatino@acutema.org\">teatrogrecolatino@acutema.org<\/a> o SMS al 609 185 174. Web:\u00a0\u00a0\u00a0<a href=\"http:\/\/www.acutema.org\/\">http:\/\/www.acutema.org<\/a><\/h4>\n<p>OBSERVACIONES:<br \/>1. El Teatro Romano est\u00e1 inhabilitado para su uso teatral debido a obras de inminente realizaci\u00f3n. Las representaciones tendr\u00e1n lugar en el Palacio de la Aduana, a 1 minuto a pie del Teatro Romano.<br \/>2. No hay lugar alternativo de representaci\u00f3n en caso de suspensi\u00f3n por lluvia.<br \/>3. Se recuerda al profesorado que no es un Festival adecuado para alumnado de cursos inferiores a 3\u00ba de ESO.<br \/>4. Asimismo, se recuerda a los profesores\/as que deben permanecer con su alumnado desde el momento en que accedan al teatro hasta la salida. Tambi\u00e9n deber\u00e1n cumplir y hacer cumplir las normas sanitarias que en su caso deban aplicarse.<\/p>\n<h3><strong>Organiza<\/strong>: Asociaci\u00f3n Cultural de Teatro Grecolatino de M\u00e1laga (ACUTEMA)<\/h3>\n<h3><strong>Patrocinan<\/strong>: \u00c1rea de Cultura y Patrimonio del Ayuntamiento de M\u00e1laga y Delegaci\u00f3n Territorial de Turismo, Cultura y Deporte de la Junta de Andaluc\u00eda.<\/h3>\n<h3><strong>Colaboran<\/strong>: Delegaci\u00f3n Territorial de Desarrollo Educativo y Formaci\u00f3n Profesional; Agencia Andaluza de Instituciones Culturales; Vicerrectorado de Cultura de la Universidad de M\u00e1laga;\u00a0Red de Festivales de Teatro Grecolatino (Pr\u00f3sopon); Escuela Superior de Arte Dram\u00e1tico de M\u00e1laga (ESAD); Sociedad Espa\u00f1ola de Estudios Cl\u00e1sicos y \u00c1reas de Filolog\u00eda Griega y Filolog\u00eda Latina de la UMA.<\/h3>\n\n\n<p><\/p>\n","protected":false},"excerpt":{"rendered":"<p>\u00a0 XX FESTIVAL JUVENIL DE TEATRO GRECOLATINO DE M\u00c1LAGA (ABRIL DE 2024) Inscripci\u00f3n para centros educativos (s\u00f3lo para recogida de datos): https:\/\/forms.gle\/kxet3PeAKMZw8fjd9 Instrucciones para la reserva. Solicitar informaci\u00f3n en: COORDINADOR Antonio L\u00f3pez G\u00e1miz LUGAR Patio del Palacio de la Aduana (Centro Hist\u00f3rico de M\u00e1laga, a 1 minutos a pie del el Teatro Romano, 350 espectadores) &hellip; <\/p>\n<p><a class=\"more-link btn\" href=\"https:\/\/acutema.org\/?page_id=235\">Seguir leyendo<\/a><\/p>\n","protected":false},"author":1,"featured_media":0,"parent":0,"menu_order":0,"comment_status":"closed","ping_status":"closed","template":"","meta":{"footnotes":""},"class_list":["post-235","page","type-page","status-publish","hentry","nodate","item-wrap"],"_links":{"self":[{"href":"https:\/\/acutema.org\/index.php?rest_route=\/wp\/v2\/pages\/235","targetHints":{"allow":["GET"]}}],"collection":[{"href":"https:\/\/acutema.org\/index.php?rest_route=\/wp\/v2\/pages"}],"about":[{"href":"https:\/\/acutema.org\/index.php?rest_route=\/wp\/v2\/types\/page"}],"author":[{"embeddable":true,"href":"https:\/\/acutema.org\/index.php?rest_route=\/wp\/v2\/users\/1"}],"replies":[{"embeddable":true,"href":"https:\/\/acutema.org\/index.php?rest_route=%2Fwp%2Fv2%2Fcomments&post=235"}],"version-history":[{"count":119,"href":"https:\/\/acutema.org\/index.php?rest_route=\/wp\/v2\/pages\/235\/revisions"}],"predecessor-version":[{"id":853,"href":"https:\/\/acutema.org\/index.php?rest_route=\/wp\/v2\/pages\/235\/revisions\/853"}],"wp:attachment":[{"href":"https:\/\/acutema.org\/index.php?rest_route=%2Fwp%2Fv2%2Fmedia&parent=235"}],"curies":[{"name":"wp","href":"https:\/\/api.w.org\/{rel}","templated":true}]}}