{"id":307,"date":"2017-10-16T15:35:23","date_gmt":"2017-10-16T15:35:23","guid":{"rendered":"http:\/\/acutema.org\/?page_id=307"},"modified":"2017-10-16T15:35:23","modified_gmt":"2017-10-16T15:35:23","slug":"xv-festival-2017","status":"publish","type":"page","link":"https:\/\/acutema.org\/?page_id=307","title":{"rendered":"XV FESTIVAL (2017)"},"content":{"rendered":"<h3><strong>COORDINADOR<\/strong><\/h3>\n<h3>Antonio L\u00f3pez G\u00e1miz<\/h3>\n<h3><strong>LUGAR<\/strong><\/h3>\n<h3>Teatro Romano de M\u00e1laga<\/h3>\n<p>&nbsp;<\/p>\n<h3><strong>D\u00cdA 27\u00a0DE ABRIL,\u00a0 JUEVES <\/strong><\/h3>\n<h3>10,00 horas<\/h3>\n<h1><strong>LAS BACANTES<\/strong>, de Eur\u00edpides \u00a0 *agotadas todas las localidades*<\/h1>\n<h3>Grupo Alezeia Teatro, de Benalm\u00e1dena (M\u00e1laga)<\/h3>\n<p><a href=\"https:\/\/sites.google.com\/site\/alezeiateatro\/\" target=\"_blank\">https:\/\/sites.google.com\/site\/alezeiateatro\/<\/a><\/p>\n<h3>12,00 horas<\/h3>\n<h3><strong>El C\u00edclope, <\/strong>de Eur\u00edpides \u00a0\u00a0*agotadas todas las localidades*<\/h3>\n<h3>Grupo IN ALBIS, de Mor\u00f3n de la Frontera (Sevilla)<\/h3>\n<p><a href=\"https:\/\/sites.google.com\/a\/iesfuentenueva.es\/ies-fuente-nueva\/home\/grupo-in-albis\" target=\"_blank\">https:\/\/sites.google.com\/a\/iesfuentenueva.es\/ies-fuente-nueva\/home\/grupo-in-albis<\/a><\/p>\n<h3>17,00 horas<\/h3>\n<h3><strong>Las Aves, <\/strong>de\u00a0Arist\u00f3fanes \u00a0*agotadas todas las localidades*<\/h3>\n<h3>Grupo IN ALBIS, de Mor\u00f3n de la Frontera (Sevilla)<\/h3>\n<p><a href=\"https:\/\/sites.google.com\/a\/iesfuentenueva.es\/ies-fuente-nueva\/home\/grupo-in-albis\" target=\"_blank\">https:\/\/sites.google.com\/a\/iesfuentenueva.es\/ies-fuente-nueva\/home\/grupo-in-albis<\/a><\/p>\n<h3>Informaci\u00f3n sobre las obras a representar <a href=\"http:\/\/teatroenlabetica.org\/index.php\/festival2016malaga\" target=\"_blank\">aqu\u00ed<\/a><\/h3>\n<p>&nbsp;<\/p>\n<h3>19,00 horas (sesi\u00f3n abierta al p\u00fablico en general)<\/h3>\n<h3><strong>Homenaje al Teatro Cl\u00e1sico<\/strong><\/h3>\n<h3>Chencho Ortiz\u00a0y alumn@s de la ESAD de M\u00e1laga, con la colaboraci\u00f3n especial del estudio de Danza de Carmen Fernanda.<\/h3>\n<h3>Rub\u00e9n Portillo (guitarra)<br \/>\n<img loading=\"lazy\" decoding=\"async\" class=\"aligncenter wp-image-276 size-full\" src=\"https:\/\/acutema.org\/wp-content\/uploads\/Chencho-Carmen-y-Rub\u00e9n-1.jpg\" alt=\"Chencho, Carmen y Rub\u00e9n\" width=\"717\" height=\"233\" srcset=\"https:\/\/acutema.org\/wp-content\/uploads\/Chencho-Carmen-y-Rub\u00e9n-1.jpg 717w, https:\/\/acutema.org\/wp-content\/uploads\/Chencho-Carmen-y-Rub\u00e9n-1-300x97.jpg 300w\" sizes=\"auto, (max-width: 717px) 100vw, 717px\" \/><\/h3>\n<p><strong><a href=\"http:\/\/www.malagahoy.es\/ocio\/teatro-Malaga-nombre-mujer_0_205479482.html\" target=\"_blank\">Chencho Ortiz rememora los or\u00edgenes de las representaciones modernas en el Teatro Romano de M\u00e1laga<\/a><\/strong><\/p>\n<p><strong><a href=\"http:\/\/carmenfernanda.es\/\" target=\"_blank\">Estudio de Danza Carmen Fernanda<\/a><\/strong><\/p>\n<p><strong><a href=\"http:\/\/www.teleprensa.com\/malaga\/la-joven-compania-cambera-baila-y-canta-la-lucha-del-dia-a-dia-en-el-teatro-cervantes.html\" target=\"_blank\">Rub\u00e9n Portillo y\u00a0la compa\u00f1\u00eda Cambera<\/a><\/strong><\/p>\n<h3><strong>RESERVA DE PLAZAS<\/strong><\/h3>\n<ul>\n<li>\n<h3>Sesiones de las 10:00, las 12:00 y las 17:00 destinadas a centros educativos:<\/h3>\n<h3>Ponerse en contacto con la Asociaci\u00f3n Cultural de Teatro Grecolatino de M\u00e1laga (ACUTEMA): SMS al 609185174 o mediante correo electr\u00f3nico a <a href=\"mailto:teatrogrecolatino@acutema.org\">teatrogrecolatino@acutema.org<\/a> Web:\u00a0\u00a0 <a href=\"http:\/\/www.acutema.org\">http:\/\/www.acutema.org<\/a><\/h3>\n<\/li>\n<li>\n<h3>Sesi\u00f3n de las 19,00 horas abierta al p\u00fablico en general:<\/h3>\n<h3>A trav\u00e9s de la web de ACUTEMA<\/h3>\n<\/li>\n<\/ul>\n<h3><\/h3>\n<h3><strong>OBSERVACIONES<\/strong><\/h3>\n<ol>\n<li>\n<h3>No hay lugar alternativo de representaci\u00f3n en caso de suspensi\u00f3n por lluvia. Para decidir la suspensi\u00f3n nos atendremos a los protocolos que publicaremos en nuestra web.<\/h3>\n<\/li>\n<li>\n<h3>Se recuerda a los profesores que no es un Festival adecuado para alumnos de cursos inferiores a 3\u00ba de ESO.<\/h3>\n<\/li>\n<li>\n<h3>Asimismo, se recuerda a los profesores\/as que deben permanecer con su alumnado desde el momento en que accedan al teatro hasta la salida.<\/h3>\n<\/li>\n<\/ol>\n<h3><\/h3>\n<h3><strong>Organizan<\/strong>: Asociaci\u00f3n Cultural de Teatro Grecolatino de M\u00e1laga (ACUTEMA) e Instituto de Teatro Cl\u00e1sico Grecolatino de Andaluc\u00eda.<\/h3>\n<h3><strong>Patrocinan<\/strong>: Consejer\u00eda de Educaci\u00f3n, Cultura y Deportes de la Junta de Andaluc\u00eda y \u00c1reas de Cultura y Educaci\u00f3n del Ayuntamiento de M\u00e1laga.<\/h3>\n<h3><strong>Colaboran<\/strong>: Universidad de M\u00e1laga (Vicerrectorado de Cultura y Deportes), Sociedad Espa\u00f1ola de Estudios Cl\u00e1sicos, \u00c1rea de Filolog\u00eda Griega de la UMA y Restaurante \u201cEl Pimpi\u201d.<\/h3>\n","protected":false},"excerpt":{"rendered":"<p>COORDINADOR Antonio L\u00f3pez G\u00e1miz LUGAR Teatro Romano de M\u00e1laga &nbsp; D\u00cdA 27\u00a0DE ABRIL,\u00a0 JUEVES 10,00 horas LAS BACANTES, de Eur\u00edpides \u00a0 *agotadas todas las localidades* Grupo Alezeia Teatro, de Benalm\u00e1dena (M\u00e1laga) https:\/\/sites.google.com\/site\/alezeiateatro\/ 12,00 horas El C\u00edclope, de Eur\u00edpides \u00a0\u00a0*agotadas todas las localidades* Grupo IN ALBIS, de Mor\u00f3n de la Frontera (Sevilla) https:\/\/sites.google.com\/a\/iesfuentenueva.es\/ies-fuente-nueva\/home\/grupo-in-albis 17,00 horas Las &hellip; <\/p>\n<p><a class=\"more-link btn\" href=\"https:\/\/acutema.org\/?page_id=307\">Seguir leyendo<\/a><\/p>\n","protected":false},"author":1,"featured_media":0,"parent":0,"menu_order":0,"comment_status":"closed","ping_status":"closed","template":"","meta":{"footnotes":""},"class_list":["post-307","page","type-page","status-publish","hentry","nodate","item-wrap"],"_links":{"self":[{"href":"https:\/\/acutema.org\/index.php?rest_route=\/wp\/v2\/pages\/307","targetHints":{"allow":["GET"]}}],"collection":[{"href":"https:\/\/acutema.org\/index.php?rest_route=\/wp\/v2\/pages"}],"about":[{"href":"https:\/\/acutema.org\/index.php?rest_route=\/wp\/v2\/types\/page"}],"author":[{"embeddable":true,"href":"https:\/\/acutema.org\/index.php?rest_route=\/wp\/v2\/users\/1"}],"replies":[{"embeddable":true,"href":"https:\/\/acutema.org\/index.php?rest_route=%2Fwp%2Fv2%2Fcomments&post=307"}],"version-history":[{"count":2,"href":"https:\/\/acutema.org\/index.php?rest_route=\/wp\/v2\/pages\/307\/revisions"}],"predecessor-version":[{"id":309,"href":"https:\/\/acutema.org\/index.php?rest_route=\/wp\/v2\/pages\/307\/revisions\/309"}],"wp:attachment":[{"href":"https:\/\/acutema.org\/index.php?rest_route=%2Fwp%2Fv2%2Fmedia&parent=307"}],"curies":[{"name":"wp","href":"https:\/\/api.w.org\/{rel}","templated":true}]}}