{"id":333,"date":"2018-01-21T16:20:43","date_gmt":"2018-01-21T16:20:43","guid":{"rendered":"http:\/\/acutema.org\/?page_id=333"},"modified":"2018-01-21T23:00:44","modified_gmt":"2018-01-21T23:00:44","slug":"visitar-malaga","status":"publish","type":"page","link":"https:\/\/acutema.org\/?page_id=333","title":{"rendered":"VISITAR M\u00c1LAGA"},"content":{"rendered":"<h3>Venir al Festival Juvenil de Teatro organizado por ACUTEMA supone no solo vivir\u00a0la experiencia de asistir a una obra teatral grecolatina en el lugar en que antiguamente se representaba, sino tambi\u00e9n disfrutar una ciudad que tiene mucho que ofrecer. He aqu\u00ed algunas ideas para pasar el tiempo en el entorno del Teatro Romano:<\/h3>\n<h3><a href=\"http:\/\/www.museosdeandalucia.es\/cultura\/museos\/MMA\/\" target=\"_blank\">Museo de M\u00e1laga (Arqueol\u00f3gico y de Bellas Artes\u00a0<\/a><\/h3>\n<h3><span style=\"color: #0000ff;\"><a href=\"http:\/\/www.museopicassomalaga.org\/\" target=\"_blank\">Museo Picasso de M\u00e1laga<\/a><\/span><\/h3>\n<h3><span style=\"color: #0000ff;\"><a href=\"http:\/\/www.carmenthyssenmalaga.org\/\" target=\"_blank\">Museo Carmen Thyssen de M\u00e1laga<\/a><\/span><\/h3>\n<h3><a href=\"http:\/\/www.musicaenaccion.com\/mimma\/\" target=\"_blank\">Museo Interactivo de la M\u00fasica de M\u00e1laga<\/a><\/h3>\n<h3><span style=\"color: #0000ff;\"><a href=\"http:\/\/centrepompidou-malaga.eu\/\" target=\"_blank\">Museo Pompidou de M\u00e1laga<\/a><\/span><\/h3>\n<p>&nbsp;<\/p>\n<h3>Despu\u00e9s, quiz\u00e1\u00a0sea el momento de\u00a0darse una vuelta por el nuevo paseo mar\u00edtimo del Muelle Uno, asombrarse con las ex\u00f3ticas especies del Parque de M\u00e1laga y pasear por el\u00a0armonioso centro hist\u00f3rico, con su impresionante catedral. Todo eso\u00a0y mucho m\u00e1s en muy poco espacio.<\/h3>\n<h3>Quiz\u00e1 un d\u00eda no es suficiente para tanto, raz\u00f3n de m\u00e1s para volver. \u00a1Os esperamos!<\/h3>\n<p>&nbsp;<\/p>\n<p><img loading=\"lazy\" decoding=\"async\" class=\"aligncenter wp-image-335 size-full\" src=\"https:\/\/acutema.org\/wp-content\/uploads\/Muelle-uno-1.jpg\" alt=\"Muelle uno\" width=\"360\" height=\"240\" srcset=\"https:\/\/acutema.org\/wp-content\/uploads\/Muelle-uno-1.jpg 360w, https:\/\/acutema.org\/wp-content\/uploads\/Muelle-uno-1-300x200.jpg 300w\" sizes=\"auto, (max-width: 360px) 100vw, 360px\" \/><\/p>\n<p><img loading=\"lazy\" decoding=\"async\" class=\"size-medium wp-image-339 aligncenter\" src=\"https:\/\/acutema.org\/wp-content\/uploads\/800px-Malaga3-300x200.jpg\" alt=\"800px-Malaga3\" width=\"300\" height=\"200\" srcset=\"https:\/\/acutema.org\/wp-content\/uploads\/800px-Malaga3-300x200.jpg 300w, https:\/\/acutema.org\/wp-content\/uploads\/800px-Malaga3.jpg 800w\" sizes=\"auto, (max-width: 300px) 100vw, 300px\" \/><\/p>\n<p><img loading=\"lazy\" decoding=\"async\" class=\"size-medium wp-image-343 aligncenter\" src=\"https:\/\/acutema.org\/wp-content\/uploads\/catedral-300x169.jpg\" alt=\"catedral\" width=\"300\" height=\"169\" srcset=\"https:\/\/acutema.org\/wp-content\/uploads\/catedral-300x169.jpg 300w, https:\/\/acutema.org\/wp-content\/uploads\/catedral.jpg 575w\" sizes=\"auto, (max-width: 300px) 100vw, 300px\" \/><\/p>\n","protected":false},"excerpt":{"rendered":"<p>Venir al Festival Juvenil de Teatro organizado por ACUTEMA supone no solo vivir\u00a0la experiencia de asistir a una obra teatral grecolatina en el lugar en que antiguamente se representaba, sino tambi\u00e9n disfrutar una ciudad que tiene mucho que ofrecer. He aqu\u00ed algunas ideas para pasar el tiempo en el entorno del Teatro Romano: Museo de &hellip; <\/p>\n<p><a class=\"more-link btn\" href=\"https:\/\/acutema.org\/?page_id=333\">Seguir leyendo<\/a><\/p>\n","protected":false},"author":1,"featured_media":0,"parent":0,"menu_order":0,"comment_status":"closed","ping_status":"closed","template":"","meta":{"footnotes":""},"class_list":["post-333","page","type-page","status-publish","hentry","nodate","item-wrap"],"_links":{"self":[{"href":"https:\/\/acutema.org\/index.php?rest_route=\/wp\/v2\/pages\/333","targetHints":{"allow":["GET"]}}],"collection":[{"href":"https:\/\/acutema.org\/index.php?rest_route=\/wp\/v2\/pages"}],"about":[{"href":"https:\/\/acutema.org\/index.php?rest_route=\/wp\/v2\/types\/page"}],"author":[{"embeddable":true,"href":"https:\/\/acutema.org\/index.php?rest_route=\/wp\/v2\/users\/1"}],"replies":[{"embeddable":true,"href":"https:\/\/acutema.org\/index.php?rest_route=%2Fwp%2Fv2%2Fcomments&post=333"}],"version-history":[{"count":5,"href":"https:\/\/acutema.org\/index.php?rest_route=\/wp\/v2\/pages\/333\/revisions"}],"predecessor-version":[{"id":344,"href":"https:\/\/acutema.org\/index.php?rest_route=\/wp\/v2\/pages\/333\/revisions\/344"}],"wp:attachment":[{"href":"https:\/\/acutema.org\/index.php?rest_route=%2Fwp%2Fv2%2Fmedia&parent=333"}],"curies":[{"name":"wp","href":"https:\/\/api.w.org\/{rel}","templated":true}]}}