{"id":369,"date":"2018-09-25T16:55:29","date_gmt":"2018-09-25T16:55:29","guid":{"rendered":"http:\/\/acutema.org\/?page_id=369"},"modified":"2018-09-25T17:00:14","modified_gmt":"2018-09-25T17:00:14","slug":"xvi-festival-juvenil-de-teatro-grecolatino-de-malaga","status":"publish","type":"page","link":"https:\/\/acutema.org\/?page_id=369","title":{"rendered":"XVI FESTIVAL (2018)"},"content":{"rendered":"<p><strong>COORDINADOR<\/strong><\/p>\n<p>Antonio L\u00f3pez G\u00e1miz<\/p>\n<p><strong>LUGAR<\/strong><\/p>\n<p>Teatro Romano de M\u00e1laga<\/p>\n<p>&nbsp;<\/p>\n<p><strong>D\u00cdA 7 DE MAYO,\u00a0 LUNES<\/strong><\/p>\n<p>10,00 horas<\/p>\n<p><strong>MILES GLORIOSUS<\/strong>, de Plauto\u00a0(Plazas agotadas)<\/p>\n<p>Grupo EL AEDO TEATRO, de Madrid<\/p>\n<p>(<a href=\"https:\/\/www.elaedoteatro.com\/\">https:\/\/www.elaedoteatro.com\/<\/a>)<\/p>\n<p>12,00 horas<\/p>\n<p><strong>LA OREST\u00cdADA,\u00a0<\/strong>de Esquilo<\/p>\n<p>Grupo\u00a0de la ESAD de M\u00e1laga. Adaptaci\u00f3n y direcci\u00f3n esc\u00e9nica:\u00a0<strong>Jos\u00e9 Manuel S\u00e1nchez Andreu<\/strong><\/p>\n<p>16,30\u00a0horas<\/p>\n<p><strong>LIS\u00cdSTRATA,\u00a0<\/strong>de Arist\u00f3fanes<\/p>\n<p>Grupo ALEZEIA TEATRO, de Benalm\u00e1dena (M\u00e1laga)<\/p>\n<p><a href=\"https:\/\/sites.google.com\/site\/alezeiateatro\/\">https:\/\/sites.google.com\/site\/alezeiateatro\/<\/a><\/p>\n<p>18,30\u00a0horas<\/p>\n<p><strong>LA OREST\u00cdADA,\u00a0<\/strong>de Esquilo<\/p>\n<p>Grupo\u00a0de la ESAD de M\u00e1laga. Adaptaci\u00f3n y direcci\u00f3n esc\u00e9nica:\u00a0<strong>Jos\u00e9 Manuel S\u00e1nchez Andreu<\/strong><\/p>\n<p>&nbsp;<\/p>\n<p><strong>D\u00cdA 8\u00a0DE MAYO,\u00a0 MARTES<\/strong><\/p>\n<p>10,00 horas<\/p>\n<p><strong>LA ASAMBLEA DE LAS MUJERES<\/strong>, de Arist\u00f3fanes<\/p>\n<p>Grupo ALEZEIA TEATRO, de Benalm\u00e1dena (M\u00e1laga)<\/p>\n<p><a href=\"https:\/\/sites.google.com\/site\/alezeiateatro\/\">https:\/\/sites.google.com\/site\/alezeiateatro\/<\/a><\/p>\n<p>12,00 horas<\/p>\n<p><strong>\u00c1YAX<\/strong>,<strong>\u00a0<\/strong>de S\u00f3focles<\/p>\n<p>Grupo BALBO TEATRO, del Puerto de Santa Mar\u00eda (C\u00e1diz)<\/p>\n<p>(<a href=\"https:\/\/www.facebook.com\/GrupoTeatroBalbo\">https:\/\/www.facebook.com\/GrupoTeatroBalbo<\/a>\/)<\/p>\n<p>16,30\u00a0horas<\/p>\n<p><strong>RUDENS,\u00a0<\/strong>de Plauto<\/p>\n<p>Grupo BALBO TEATRO, del Puerto de Santa Mar\u00eda (C\u00e1diz)<\/p>\n<p>18,30\u00a0horas<\/p>\n<p><strong>II HOMENAJE AL TEATRO GRECOLATINO<\/strong><\/p>\n<p><strong>Recital de teatro, danza y guitarra\u00a0<\/strong>sobre\u00a0autores grecolatinos<\/p>\n<p>Chencho Ortiz\u00a0y alumn@s de la ESAD de M\u00e1laga, con la colaboraci\u00f3n especial de\u00a0<a href=\"https:\/\/es.wikipedia.org\/wiki\/Concha_Gal%C3%A1n\">Concha Gal\u00e1n\u00a0<\/a>y del estudio de Danza de Carmen Fernanda.<\/p>\n<p>Sesiones de las 10:00, las 12:00 y las 16:30 destinadas a centros educativos:<\/p>\n<ul>\n<li>Contactar\u00a0con la Asociaci\u00f3n Cultural de Teatro Grecolatino de M\u00e1laga (ACUTEMA) mediante correo electr\u00f3nico a\u00a0<a href=\"mailto:teatrogrecolatino@acutema.org\">teatrogrecolatino@acutema.org<\/a>o\u00a0SMS al 609 185 174.\u00a0Web:\u00a0\u00a0\u00a0<a href=\"http:\/\/www.acutema.org\/\">http:\/\/www.acutema.org<\/a><\/li>\n<\/ul>\n<p>Seslones\u00a0de las 18,30h.\u00a0destinadas al p\u00fablico en general<\/p>\n<ul>\n<li>Anticipadamente, desde el 5 de Marzo hasta el 4 de Mayo (aportaci\u00f3n de 4 \u20ac) : contactar\u00a0la ESAD de M\u00e1laga (<a href=\"http:\/\/www.esadmalaga.com\/\">http:\/\/www.esadmalaga.com\/<\/a>)<\/li>\n<li>El mismo d\u00eda del Festival, media hora antes del comienzo de la representaci\u00f3n (aportaci\u00f3n de 5 \u20ac)<\/li>\n<\/ul>\n<p>&nbsp;<\/p>\n<p><strong>OBSERVACIONES<\/strong><\/p>\n<ol>\n<li>No hay lugar alternativo de representaci\u00f3n en caso de suspensi\u00f3n por lluvia. Para decidir la suspensi\u00f3n nos atendremos a los protocolos que publicaremos en nuestra web.<\/li>\n<li>Se recuerda al profesorado\u00a0que no es un Festival adecuado para alumnado\u00a0de cursos inferiores a 3\u00ba de ESO.<\/li>\n<li>Asimismo, se recuerda a los profesores\/as que deben permanecer con su alumnado desde el momento en que accedan al teatro hasta la salida.<\/li>\n<\/ol>\n<p>&nbsp;<\/p>\n<p><strong>Organizan<\/strong>:\u00a0Asociaci\u00f3n Cultural de Teatro Grecolatino de M\u00e1laga (ACUTEMA) e Instituto de Teatro Cl\u00e1sico Grecolatino de Andaluc\u00eda.<\/p>\n<p><strong>Patrocinan<\/strong>:\u00a0Consejer\u00eda de Turismo, Cultura y Deportes de la Junta de Andaluc\u00eda y \u00c1reas de Cultura y Educaci\u00f3n del Ayuntamiento de M\u00e1laga.<\/p>\n<p><strong>Colaboran<\/strong>:\u00a0Universidad de M\u00e1laga (Vicerrectorado de Cultura y Deportes), Sociedad Espa\u00f1ola de Estudios Cl\u00e1sicos, \u00c1rea de Filolog\u00eda Griega de la UMA y Restaurante \u201cEl Pimpi\u201d.<\/p>\n<p>&nbsp;<\/p>\n","protected":false},"excerpt":{"rendered":"<p>COORDINADOR Antonio L\u00f3pez G\u00e1miz LUGAR Teatro Romano de M\u00e1laga &nbsp; D\u00cdA 7 DE MAYO,\u00a0 LUNES 10,00 horas MILES GLORIOSUS, de Plauto\u00a0(Plazas agotadas) Grupo EL AEDO TEATRO, de Madrid (https:\/\/www.elaedoteatro.com\/) 12,00 horas LA OREST\u00cdADA,\u00a0de Esquilo Grupo\u00a0de la ESAD de M\u00e1laga. Adaptaci\u00f3n y direcci\u00f3n esc\u00e9nica:\u00a0Jos\u00e9 Manuel S\u00e1nchez Andreu 16,30\u00a0horas LIS\u00cdSTRATA,\u00a0de Arist\u00f3fanes Grupo ALEZEIA TEATRO, de Benalm\u00e1dena (M\u00e1laga) &hellip; <\/p>\n<p><a class=\"more-link btn\" href=\"https:\/\/acutema.org\/?page_id=369\">Seguir leyendo<\/a><\/p>\n","protected":false},"author":1,"featured_media":0,"parent":0,"menu_order":0,"comment_status":"closed","ping_status":"closed","template":"","meta":{"footnotes":""},"class_list":["post-369","page","type-page","status-publish","hentry","nodate","item-wrap"],"_links":{"self":[{"href":"https:\/\/acutema.org\/index.php?rest_route=\/wp\/v2\/pages\/369","targetHints":{"allow":["GET"]}}],"collection":[{"href":"https:\/\/acutema.org\/index.php?rest_route=\/wp\/v2\/pages"}],"about":[{"href":"https:\/\/acutema.org\/index.php?rest_route=\/wp\/v2\/types\/page"}],"author":[{"embeddable":true,"href":"https:\/\/acutema.org\/index.php?rest_route=\/wp\/v2\/users\/1"}],"replies":[{"embeddable":true,"href":"https:\/\/acutema.org\/index.php?rest_route=%2Fwp%2Fv2%2Fcomments&post=369"}],"version-history":[{"count":3,"href":"https:\/\/acutema.org\/index.php?rest_route=\/wp\/v2\/pages\/369\/revisions"}],"predecessor-version":[{"id":375,"href":"https:\/\/acutema.org\/index.php?rest_route=\/wp\/v2\/pages\/369\/revisions\/375"}],"wp:attachment":[{"href":"https:\/\/acutema.org\/index.php?rest_route=%2Fwp%2Fv2%2Fmedia&parent=369"}],"curies":[{"name":"wp","href":"https:\/\/api.w.org\/{rel}","templated":true}]}}