{"id":42,"date":"2016-01-15T14:20:27","date_gmt":"2016-01-15T14:20:27","guid":{"rendered":"http:\/\/acutema.org\/?page_id=42"},"modified":"2023-08-15T18:53:26","modified_gmt":"2023-08-15T18:53:26","slug":"teatro-romano","status":"publish","type":"page","link":"https:\/\/acutema.org\/?page_id=42","title":{"rendered":"20 A\u00d1OS CONTIGO"},"content":{"rendered":"<p>Seg\u00fan como contemos. Porque los primeros balbuceos de ACUTEMA datan del a\u00f1o 2000, siendo su constituci\u00f3n formal en 2004. Veinte a\u00f1os que queremos celebrar contigo a lo grande y, si es posible, <span style=\"color: #ff0000;\">volviendo al TEATRO ROMANO DE M\u00c1LAGA.<\/span><\/p>\n<p><span style=\"color: #ff0000;\"><strong>INICIOS DE ACUTEMA (2000-2004)<\/strong><\/span><\/p>\n<p>Con la entrada en un nuevo milenio un grupo de profesores de la Universidad de M\u00e1laga se lanza a la valiente idea de impulsar el teatro juvenil grecolatino. En 2001 nace Acutema. Y tambi\u00e9n el grupo S\u00e9mele. Para los nost\u00e1lgicos, he aqu\u00ed un programa de mano de esta gloriosa representaci\u00f3n de \u00abLas Asamble\u00edstas\u00bb de Arist\u00f3fanes, en el Teatro C\u00e1novas de M\u00e1laga. No menos \u00e9pico fue el intento de representar la obra en el Teatro Romano de Acinipo (Ronda la Vieja). <a href=\"https:\/\/acutema.org\/wp-content\/uploads\/montajesasamblea.pdf\">Montajes Asamblea<\/a><\/p>\n<p><span style=\"color: #ff0000;\"><strong>CONSTITUCI\u00d3N DE ACUTEMA CON LOS NUEVOS ESTATUTOS, CONCESI\u00d3N DEL TEATRO ROMANO PARA USO ESC\u00c9NICO Y ADHESI\u00d3N A LA RED DE FESTIVALES TEATRALES PR\u00d3SOPON (2004-2012)<\/strong><\/span><\/p>\n<p>Para conocer las vicisitudes y los momentos \u00e1lgidos de esta historia de teatro (no siempre dram\u00e1tica) os invito a visitar la web <a href=\"https:\/\/acutema.org\/acutema\/index.html\">ASOCIACI\u00d3N CULTURAL DE TEATRO GRIEGO Y ROMANO DE M\u00c1LAGA (ACUTEMA)<\/a><\/p>\n<p><img loading=\"lazy\" decoding=\"async\" class=\"alignnone size-medium wp-image-661\" src=\"https:\/\/acutema.org\/wp-content\/uploads\/2007.BAQUIDES.-SEMELE4.-Foto-M.-Borrallo-300x200.jpg\" alt=\"\" width=\"300\" height=\"200\" srcset=\"https:\/\/acutema.org\/wp-content\/uploads\/2007.BAQUIDES.-SEMELE4.-Foto-M.-Borrallo-300x200.jpg 300w, https:\/\/acutema.org\/wp-content\/uploads\/2007.BAQUIDES.-SEMELE4.-Foto-M.-Borrallo-1024x683.jpg 1024w, https:\/\/acutema.org\/wp-content\/uploads\/2007.BAQUIDES.-SEMELE4.-Foto-M.-Borrallo-1536x1024.jpg 1536w, https:\/\/acutema.org\/wp-content\/uploads\/2007.BAQUIDES.-SEMELE4.-Foto-M.-Borrallo-2048x1365.jpg 2048w\" sizes=\"auto, (max-width: 300px) 100vw, 300px\" \/><\/p>\n<h6><em>Una escena de \u00abB\u00e1quides\u00bb de Plauto, por el grupo S\u00e9mele. Festival de It\u00e1lica de 2007. Foto M. Borrallo<\/em><\/h6>\n<p><span style=\"color: #ff0000;\"><strong>UNA FELIZ NAVEGACI\u00d3N (2012-2019) Y ALGUNAS TURBULENCIAS (DESDE 2020 HASTA HOY)<\/strong><\/span><\/p>\n<p><span style=\"font-size: small;\"><span lang=\"\">La sede de M\u00e1laga se une a Pr\u00f3sopon en 2012.<\/span><\/span><\/p>\n<p><a href=\"https:\/\/acutema.org\/wp-content\/uploads\/1_2012_Cartel-X-Festival-de-Malaga.pdf\">1_2012_Cartel X Festival de M\u00e1laga<\/a><\/p>\n<p><span style=\"font-size: small;\"><span lang=\"\">Ya en este a\u00f1o se hab\u00eda conseguido representar las obras teatrales en el Teatro Romano, marcando un hito decisivo y de calidad al fundir en una sola actividad el aprecio y respeto del patrimonio arqueol\u00f3gico y la emoci\u00f3n que produce asistir a una obra teatral grecolatina justamente donde pudo representarse hace 2000 a\u00f1os. Tuvimos que hacer grandes esfuerzos para que la cesi\u00f3n del Teatro cumpliera los par\u00e1metros de seguridad requeridos. \u00a1Hasta tuvimos que encargar a un carpintero la fabricaci\u00f3n de una escalera para la salida de emergencia! Aqu\u00ed la vemos con protecci\u00f3n por si llueve:<\/span><\/span><\/p>\n<p><img loading=\"lazy\" decoding=\"async\" class=\"alignnone size-medium wp-image-632\" src=\"https:\/\/acutema.org\/wp-content\/uploads\/2_2013_La-escalera-donde-esta-donde-esta-la-escalera...-300x225.jpg\" alt=\"\" width=\"300\" height=\"225\" srcset=\"https:\/\/acutema.org\/wp-content\/uploads\/2_2013_La-escalera-donde-esta-donde-esta-la-escalera...-300x225.jpg 300w, https:\/\/acutema.org\/wp-content\/uploads\/2_2013_La-escalera-donde-esta-donde-esta-la-escalera....jpg 320w\" sizes=\"auto, (max-width: 300px) 100vw, 300px\" \/><\/p>\n<p><span style=\"font-size: small;\"><span lang=\"\">Un mont\u00f3n de tr\u00e1mites y gastos, pero c\u00f3mo vale la pena. Toneladas de ilusi\u00f3n de organizadores, profesorado y alumnado. Pronto nuestro Festival pas\u00f3 de un solo d\u00eda a dos jornadas en 2018. D\u00e1bamos as\u00ed respuesta al inter\u00e9s creciente de profesorado y alumnado de nuestra provincia y otras provincias andaluzas.<\/span><\/span><\/p>\n<p><span style=\"font-size: small;\"><span lang=\"\">A lo largo de estos a\u00f1os, el Festival de M\u00e1laga se ha consolidado como uno de los eventos m\u00e1s atractivos para el alumnado de Secundaria y Bachillerato. La situaci\u00f3n del Teatro Romano en pleno casco hist\u00f3rico con museos de gran relevancia a su alrededor (Museo Picasso, Museo Thyssen, etc.) le ha hecho formar parte, en muchas ocasiones, de una intensa jornada de gran contenido cultural y de ocio.\u00a0<\/span><\/span><\/p>\n<p><img loading=\"lazy\" decoding=\"async\" class=\"alignnone size-medium wp-image-633\" src=\"https:\/\/acutema.org\/wp-content\/uploads\/3_2017_El-Teatro-Romano-de-Malaga-al-pie-de-la-Alcazaba-300x225.jpg\" alt=\"\" width=\"300\" height=\"225\" srcset=\"https:\/\/acutema.org\/wp-content\/uploads\/3_2017_El-Teatro-Romano-de-Malaga-al-pie-de-la-Alcazaba-300x225.jpg 300w, https:\/\/acutema.org\/wp-content\/uploads\/3_2017_El-Teatro-Romano-de-Malaga-al-pie-de-la-Alcazaba-1024x768.jpg 1024w, https:\/\/acutema.org\/wp-content\/uploads\/3_2017_El-Teatro-Romano-de-Malaga-al-pie-de-la-Alcazaba-1536x1152.jpg 1536w, https:\/\/acutema.org\/wp-content\/uploads\/3_2017_El-Teatro-Romano-de-Malaga-al-pie-de-la-Alcazaba.jpg 1600w\" sizes=\"auto, (max-width: 300px) 100vw, 300px\" \/><\/p>\n<p><span style=\"font-size: small;\"><span lang=\"\">En la actualidad, tras los contratiempos derivados de la Pandemia, hemos recuperado nuestro pulso anterior, ofreciendo espect\u00e1culos cada a\u00f1o a casi 2000 alumnos y alumnas. Incluso en aquellas tristes fechas no permanecimos inactivos y nos lanzamos a animarnos unos a otros creando el grupo de WhatsApp \u00abEl Teatro no se rinde\u00bb. Desde entonces organizadores, directores de grupos esc\u00e9nicos y todo tipo de amigos e interesados en el Teatro Cl\u00e1sico permanecemos en contacto y compartimos opiniones, sentimientos y experiencias.<\/span><\/span><\/p>\n<p><img loading=\"lazy\" decoding=\"async\" class=\"alignnone size-medium wp-image-634\" src=\"https:\/\/acutema.org\/wp-content\/uploads\/4_2021_Grupo-de-Whatsapp-El-Teatro-no-se-rinde-176x300.jpg\" alt=\"\" width=\"176\" height=\"300\" srcset=\"https:\/\/acutema.org\/wp-content\/uploads\/4_2021_Grupo-de-Whatsapp-El-Teatro-no-se-rinde-176x300.jpg 176w, https:\/\/acutema.org\/wp-content\/uploads\/4_2021_Grupo-de-Whatsapp-El-Teatro-no-se-rinde-600x1024.jpg 600w, https:\/\/acutema.org\/wp-content\/uploads\/4_2021_Grupo-de-Whatsapp-El-Teatro-no-se-rinde.jpg 720w\" sizes=\"auto, (max-width: 176px) 100vw, 176px\" \/><\/p>\n<h6><em>EL TEATRO NO SE RINDE. Solicita unirte al grupo en 609 185 174. \u00a1Juntos seremos m\u00e1s fuertes!<\/em><\/h6>\n<p><span style=\"font-size: small;\"><span lang=\"\">Nos hemos consolidado como una alternativa educativa cre\u00edble y firme que cuenta con el permanente patrocinio del Excmo. Ayuntamiento de M\u00e1laga y de otras instituciones de la Junta de Andaluc\u00eda y de la Universidad de M\u00e1laga:<\/span><\/span><\/p>\n<p><img loading=\"lazy\" decoding=\"async\" class=\"alignnone size-medium wp-image-635\" src=\"https:\/\/acutema.org\/wp-content\/uploads\/5_2016_Presentacion-del-XIV-Festival-300x201.jpg\" alt=\"\" width=\"300\" height=\"201\" srcset=\"https:\/\/acutema.org\/wp-content\/uploads\/5_2016_Presentacion-del-XIV-Festival-300x201.jpg 300w, https:\/\/acutema.org\/wp-content\/uploads\/5_2016_Presentacion-del-XIV-Festival-1024x684.jpg 1024w, https:\/\/acutema.org\/wp-content\/uploads\/5_2016_Presentacion-del-XIV-Festival-1536x1027.jpg 1536w, https:\/\/acutema.org\/wp-content\/uploads\/5_2016_Presentacion-del-XIV-Festival-2048x1369.jpg 2048w\" sizes=\"auto, (max-width: 300px) 100vw, 300px\" \/><\/p>\n<p><span style=\"font-size: small;\"><span lang=\"\">Nuestro repertorio ha procurado mantener el apoyo a grupos de teatro juvenil de M\u00e1laga y su provincia (6), sin dejar de ofrecer espect\u00e1culos variados de los grupos m\u00e1s destacables del circuito Pr\u00f3sopon. <\/span><\/span><\/p>\n<p><img loading=\"lazy\" decoding=\"async\" class=\"alignnone size-medium wp-image-636\" src=\"https:\/\/acutema.org\/wp-content\/uploads\/6_2018_Alezeia-Teatro-La-Asamblea-de-las-Mujeres-de-Aristofanes-2-300x169.jpg\" alt=\"\" width=\"300\" height=\"169\" srcset=\"https:\/\/acutema.org\/wp-content\/uploads\/6_2018_Alezeia-Teatro-La-Asamblea-de-las-Mujeres-de-Aristofanes-2-300x169.jpg 300w, https:\/\/acutema.org\/wp-content\/uploads\/6_2018_Alezeia-Teatro-La-Asamblea-de-las-Mujeres-de-Aristofanes-2-1024x576.jpg 1024w, https:\/\/acutema.org\/wp-content\/uploads\/6_2018_Alezeia-Teatro-La-Asamblea-de-las-Mujeres-de-Aristofanes-2-1536x864.jpg 1536w, https:\/\/acutema.org\/wp-content\/uploads\/6_2018_Alezeia-Teatro-La-Asamblea-de-las-Mujeres-de-Aristofanes-2.jpg 1920w\" sizes=\"auto, (max-width: 300px) 100vw, 300px\" \/><\/p>\n<h6><em>Festival de 2019. El grupo \u00abCaligae\u00bb, de Yecla (Murcia) representando \u00abAnfitri\u00f3n\u00bb, de Plauto<\/em><\/h6>\n<p><span style=\"font-size: small;\"><span lang=\"\">El teatro malague\u00f1o ha producido grandes actores y actrices en el panorama nacional e internacional. Y naturalmente representar obras cl\u00e1sicas grecolatinas es parte inevitable de su proceso de formaci\u00f3n, como nos lo muestran cada a\u00f1o los grupos dirigidos por el profesor de la ESAD Jos\u00e9 Manuel S\u00e1nchez Andreu:<\/span><\/span><\/p>\n<p><img loading=\"lazy\" decoding=\"async\" class=\"alignnone size-medium wp-image-637\" src=\"https:\/\/acutema.org\/wp-content\/uploads\/8_2014_Chico-Garcia-en-Prometeo-de-Esquilo-Induo-Teatro-300x199.jpg\" alt=\"\" width=\"300\" height=\"199\" srcset=\"https:\/\/acutema.org\/wp-content\/uploads\/8_2014_Chico-Garcia-en-Prometeo-de-Esquilo-Induo-Teatro-300x199.jpg 300w, https:\/\/acutema.org\/wp-content\/uploads\/8_2014_Chico-Garcia-en-Prometeo-de-Esquilo-Induo-Teatro-1024x681.jpg 1024w, https:\/\/acutema.org\/wp-content\/uploads\/8_2014_Chico-Garcia-en-Prometeo-de-Esquilo-Induo-Teatro-1536x1021.jpg 1536w, https:\/\/acutema.org\/wp-content\/uploads\/8_2014_Chico-Garcia-en-Prometeo-de-Esquilo-Induo-Teatro-2048x1362.jpg 2048w\" sizes=\"auto, (max-width: 300px) 100vw, 300px\" \/><\/p>\n<h6><em>Chico Garc\u00eda en \u00abPrometeo\u00bb, de Esquilo, por \u00abInduo Teatro\u00bb. Festival de 2014<\/em><\/h6>\n<p><span style=\"font-size: small;\"><span lang=\"\">Por otra parte no hemos evitado el riesgo de innovar y nos hemos atrevido a poner en escena espect\u00e1culos que unen la tragedia griega en sinton\u00eda con g\u00e9neros musicales como el flamenco. <\/span><\/span><span style=\"font-size: small;\"><span lang=\"\">De esta manera damos continuidad a este esp\u00edritu lorquiano tan fuertemente arraigado en el alma andaluza, en una permanente actualizaci\u00f3n del legado grecolatino. En este sentido fueron grandes logros los espect\u00e1culos de los a\u00f1os 2017, 2018 y 2019 con los Homenajes al Teatro Grecolatino que coordin\u00f3 nuestro querido Chencho Ortiz, profesor de Expresi\u00f3n Corporal de la Escuela Superior de Arte Dram\u00e1tico de M\u00e1laga.<\/span><\/span><\/p>\n<p><img loading=\"lazy\" decoding=\"async\" class=\"alignnone size-medium wp-image-639\" src=\"https:\/\/acutema.org\/wp-content\/uploads\/9_2017_Ruben-Portillo-Chencho-Ortiz-y-Mamen-Ramos-en-el-Homenaje-al-Teatro-Grecolatino-225x300.jpg\" alt=\"\" width=\"225\" height=\"300\" srcset=\"https:\/\/acutema.org\/wp-content\/uploads\/9_2017_Ruben-Portillo-Chencho-Ortiz-y-Mamen-Ramos-en-el-Homenaje-al-Teatro-Grecolatino-225x300.jpg 225w, https:\/\/acutema.org\/wp-content\/uploads\/9_2017_Ruben-Portillo-Chencho-Ortiz-y-Mamen-Ramos-en-el-Homenaje-al-Teatro-Grecolatino-768x1024.jpg 768w, https:\/\/acutema.org\/wp-content\/uploads\/9_2017_Ruben-Portillo-Chencho-Ortiz-y-Mamen-Ramos-en-el-Homenaje-al-Teatro-Grecolatino-1152x1536.jpg 1152w, https:\/\/acutema.org\/wp-content\/uploads\/9_2017_Ruben-Portillo-Chencho-Ortiz-y-Mamen-Ramos-en-el-Homenaje-al-Teatro-Grecolatino.jpg 1200w\" sizes=\"auto, (max-width: 225px) 100vw, 225px\" \/><\/p>\n<h6><em>Rub\u00e9n-Portillo, Chencho Ortiz y Mamen Ramos en el \u00abHomenaje al Teatro Grecolatino\u00bb. Festival de 2017<\/em><\/h6>\n<h6><a href=\"https:\/\/acutema.org\/wp-content\/uploads\/10_2018_Cartel-del-II-Homenaje-al-Teatro-Grecolatino.pdf\">10_2018_Cartel del II Homenaje al Teatro Grecolatino<\/a><\/h6>\n<p><span style=\"font-size: small;\"><span lang=\"\">Gracias al apoyo constante de Pr\u00f3sopon, nuestra organizaci\u00f3n, ACUTEMA, al proveer los libros de cada obra, ofrece una experiencia teatral que va m\u00e1s all\u00e1 de la mera asistencia a una representaci\u00f3n. La lectura y an\u00e1lisis previo de las obras a las que m\u00e1s tarde asistir\u00e1 el alumnado garantiza que quede una profunda huella en el esp\u00edritu de nuestros j\u00f3venes espectadores:<\/span><\/span><\/p>\n<p><img loading=\"lazy\" decoding=\"async\" class=\"alignnone size-medium wp-image-640\" src=\"https:\/\/acutema.org\/wp-content\/uploads\/11_Antigona-coleccion-Prosopon-199x300.jpg\" alt=\"\" width=\"199\" height=\"300\" srcset=\"https:\/\/acutema.org\/wp-content\/uploads\/11_Antigona-coleccion-Prosopon-199x300.jpg 199w, https:\/\/acutema.org\/wp-content\/uploads\/11_Antigona-coleccion-Prosopon.jpg 545w\" sizes=\"auto, (max-width: 199px) 100vw, 199px\" \/><\/p>\n<p><span style=\"font-size: small;\"><span lang=\"\">Otro de los aspectos que impulsamos es el fomento del estudio e investigaci\u00f3n sobre las obras de teatro cl\u00e1sicas. Desde el a\u00f1o 2016 hemos organizado las Jornadas de Teatro Grecolatino en colaboraci\u00f3n con los Departamentos de Filolog\u00eda Latina y Griega de la Universidad de M\u00e1laga y la Sociedad Espa\u00f1ola de Estudios Cl\u00e1sicos. En su edici\u00f3n de 2021 estas Jornadas tuvieron un car\u00e1cter virtual, con conferencias y coloquios on line <\/span><\/span><span style=\"font-size: small;\"><span lang=\"\">Para el a\u00f1o 2023, ya en su sexta edici\u00f3n, hemos vuelto al formato presencial y las hemos dotado de un car\u00e1cter internacional, con intervenciones de distintos estudiosos del \u00e1mbito europeo:<\/span><\/span><\/p>\n<p><img loading=\"lazy\" decoding=\"async\" class=\"alignnone size-medium wp-image-641\" src=\"https:\/\/acutema.org\/wp-content\/uploads\/12_2021_IV-Jornadas-de-Teatro-Grecolatino-Plataforma-Zoom-300x172.jpg\" alt=\"\" width=\"300\" height=\"172\" srcset=\"https:\/\/acutema.org\/wp-content\/uploads\/12_2021_IV-Jornadas-de-Teatro-Grecolatino-Plataforma-Zoom-300x172.jpg 300w, https:\/\/acutema.org\/wp-content\/uploads\/12_2021_IV-Jornadas-de-Teatro-Grecolatino-Plataforma-Zoom.jpg 826w\" sizes=\"auto, (max-width: 300px) 100vw, 300px\" \/><\/p>\n<p><span style=\"font-size: small;\"><span lang=\"\">Finalmente, como prueba de nuestra importancia creciente como Festival, ACUTEMA organizar\u00e1 en M\u00e1laga la Clausura de los Festivales, en este a\u00f1o singular en que Pr\u00f3sopon cumple XX a\u00f1os y en un momento importante para mostrarnos como ciudad que cada d\u00eda afronta m\u00e1s importantes y altos desaf\u00edos, con la vista puesta en la Exposici\u00f3n Universal de 2027. No sabemos si al salir a la luz esta publicaci\u00f3n nuestra ciudad habr\u00e1 sido la elegida, pero no importa, la energ\u00eda e ilusi\u00f3n con que afrontaremos nuevos retos seguir\u00e1 intacta.<\/span><\/span><\/p>\n<p class=\"paragraph_style\">\n<p class=\"paragraph_style_2\">\n","protected":false},"excerpt":{"rendered":"<p>Seg\u00fan como contemos. Porque los primeros balbuceos de ACUTEMA datan del a\u00f1o 2000, siendo su constituci\u00f3n formal en 2004. Veinte a\u00f1os que queremos celebrar contigo a lo grande y, si es posible, volviendo al TEATRO ROMANO DE M\u00c1LAGA. INICIOS DE ACUTEMA (2000-2004) Con la entrada en un nuevo milenio un grupo de profesores de la &hellip; <\/p>\n<p><a class=\"more-link btn\" href=\"https:\/\/acutema.org\/?page_id=42\">Seguir leyendo<\/a><\/p>\n","protected":false},"author":1,"featured_media":0,"parent":0,"menu_order":40,"comment_status":"closed","ping_status":"closed","template":"","meta":{"footnotes":""},"class_list":["post-42","page","type-page","status-publish","hentry","nodate","item-wrap"],"_links":{"self":[{"href":"https:\/\/acutema.org\/index.php?rest_route=\/wp\/v2\/pages\/42","targetHints":{"allow":["GET"]}}],"collection":[{"href":"https:\/\/acutema.org\/index.php?rest_route=\/wp\/v2\/pages"}],"about":[{"href":"https:\/\/acutema.org\/index.php?rest_route=\/wp\/v2\/types\/page"}],"author":[{"embeddable":true,"href":"https:\/\/acutema.org\/index.php?rest_route=\/wp\/v2\/users\/1"}],"replies":[{"embeddable":true,"href":"https:\/\/acutema.org\/index.php?rest_route=%2Fwp%2Fv2%2Fcomments&post=42"}],"version-history":[{"count":18,"href":"https:\/\/acutema.org\/index.php?rest_route=\/wp\/v2\/pages\/42\/revisions"}],"predecessor-version":[{"id":736,"href":"https:\/\/acutema.org\/index.php?rest_route=\/wp\/v2\/pages\/42\/revisions\/736"}],"wp:attachment":[{"href":"https:\/\/acutema.org\/index.php?rest_route=%2Fwp%2Fv2%2Fmedia&parent=42"}],"curies":[{"name":"wp","href":"https:\/\/api.w.org\/{rel}","templated":true}]}}