{"id":46,"date":"2016-01-15T14:23:18","date_gmt":"2016-01-15T14:23:18","guid":{"rendered":"http:\/\/acutema.org\/?page_id=46"},"modified":"2023-06-23T11:49:45","modified_gmt":"2023-06-23T11:49:45","slug":"i-congreso-de-teatro-grecolatino","status":"publish","type":"page","link":"https:\/\/acutema.org\/?page_id=46","title":{"rendered":"CLAUSURA PR\u00d3SOPON"},"content":{"rendered":"\n<p><\/p>\n\n\n<h3>3 DE JUNIO DE 2023<\/h3>\n<h3><span style=\"color: #333399;\">DON AURELIO P\u00c9REZ JIM\u00c9NEZ Y DON RA\u00daL CABALLERO S\u00c1NCHEZ, NOMBRADOS SOCIOS DE HONOR DE \u00abPR\u00d3SOPON\u00bb<\/span><\/h3>\n<p><a href=\"https:\/\/prosoponteatro.blogspot.com\/\">PR\u00d3SOPON, FESTIVALES DE TEATRO GRECOLATINO (prosoponteatro.blogspot.com)<\/a><\/p>\n<div>\u00a0<\/div>\n<div><span style=\"color: #ff0000;\">LAUDATIO A AURELIO P\u00c9REZ JIM\u00c9NEZ<\/span><\/div>\n<div>\u00a0<\/div>\n<div>Hay empresas humanas que sobrepasan cualquier af\u00e1n de resaltar lo individual y hay afanes individuales indisociables de la calidad determinadas empresas. Sin embargo, decir que Aurelio P\u00e9rez Jim\u00e9nez es un emprendedor es decir demasiado poco, pues emprender puede que s\u00f3lo signifique el impulso de llevar un sue\u00f1o o una visi\u00f3n a la realidad, con la mala fama que tienen los que se ilusionan, que algunas veces resultan ilusos. No es este el caso de nuestro primer homenajeado de hoy, quien a su ilusi\u00f3n intelectual bien encauzada en campos de todos conocidos, une la sabia cualidad de no amilanarse, conocedor de c\u00f3mo funcionan los grupos humanos, con sus virtudes y sus verg\u00fcenzas, sabiendo c\u00f3mo actuar de un modo pragm\u00e1tico en cada ocasi\u00f3n. Quod amplius nos delectat, secundum id operemur necesse est: \u00abPor necesidad obraremos de acuerdo con lo que m\u00e1s nos agrada\u00bb<\/div>\n<div>\u00a0<\/div>\n<div>La empresa de Aurelio P\u00e9rez Jim\u00e9nez ha sido impulsar los estudios de Filolog\u00eda Cl\u00e1sica en M\u00e1laga. Hac\u00eda apenas 15 a\u00f1os que se hab\u00eda creado la Universidad malague\u00f1a y gracias, sobre todo a Aurelio, esta licenciatura, actualmente grado, se hizo realidad. Aurelio supo desde el primer momento que hab\u00eda que afianzar la consecuci\u00f3n de este primer \u00e9xito y por eso no escatim\u00f3 esfuerzos en asumir cargos de responsabilidad en la UMA, sin descuidar por ello su dedicaci\u00f3n docente y las l\u00edneas de investigaci\u00f3n que hab\u00eda emprendido. \u00abTanto por plumas, cuanto por espadas\u00bb, hab\u00eda escrito G\u00f3ngora. Los modos suaves no escondieron nunca su pertinaz lucha y sirvieron de inspiraci\u00f3n para muchos de los que hoy aqu\u00ed nos reunimos.\u00a0<\/div>\n<div>\u00a0<\/div>\n<div>Podr\u00eda elogiar el curr\u00edculum y las m\u00faltiples aportaciones de Aurelio, desde su faceta como destacad\u00edsimo plutarquista hasta su actual dedicaci\u00f3n al estudio de la astrolog\u00eda antigua que le ha valido ser el coordinador de los estudios que integran la edici\u00f3n de textos astrol\u00f3gicos de la colecci\u00f3n Moleiro. Pero lo que hoy nos convoca aqu\u00ed, sin olvidar su faceta intelectual, es su capacidad para ver la oportunidad. Y de ah\u00ed mi calificativo de \u00abEMPRENDEDOR\u00bb, con may\u00fasculas, no con un fin de lucro o de llenar no se qu\u00e9 vac\u00edo en el mercado, sino de saber cu\u00e1l es el momento justo de actuar, evaluar los medios disponibles y lanzarse a la acci\u00f3n de la manera m\u00e1s contundente y efectiva: Audendo virtus crescit, tardando timor, \u00abLa audacia acrecienta el valor; la indecisi\u00f3n, el miedo\u00bb. El impulso al teatro juvenil grecolatino fue una acci\u00f3n valerosa y oportuna.<\/div>\n<div>\u00a0<\/div>\n<div>\u00abMomentum\u00bb llaman los ingleses al impulso, consider\u00e1ndolo como algo puntual no sostenido en el tiempo. No es este el caso. Cuando se cre\u00f3 Acutema no se trataba de dar satisfacci\u00f3n a alguna moda moment\u00e1nea de representar obras cl\u00e1sicas grecolatinas. El fomento del teatro grecolatino no ha sido flor de un d\u00eda intra muros, mustia tras un breve tiempo. Al contrario, a las puertas de celebrar el XX Festival, el teatro grecolatino se ha postulado como lo que en realidad es, una ventana a la sociedad, un continuo hacerse presente en los eventos culturales, llamando la atenci\u00f3n de p\u00fablico, autoridades y centros educativos, reafirmando que las cl\u00e1sicas tienen esta denominaci\u00f3n por su car\u00e1cter mod\u00e9lico, que se puede aceptar o rechazar, pero que siempre servir\u00e1 de referente.\u00a0<\/div>\n<div>\u00a0<\/div>\n<div>Congresos, conferencias, excursiones, teatro&#8230; todo sirvi\u00f3 para dar ese impulso duradero y sostenido que tuvo continuidad con Ra\u00fal y que pretendo tenga humilde continuidad con quien les habla en la parcela que me corresponde. No sabemos c\u00f3mo fue. Ya en Astrolog\u00eda no se habla de un primer motor providente. Puede ser, pero lo que s\u00ed es cierto es que en nuestro particular microcosmos s\u00ed que hubo un \u00abprimus motor\u00bb que desencaden\u00f3 todo el resto de movimientos en una misma direcci\u00f3n, siempre guiados por la dedicaci\u00f3n, habilidad y esfuerzo de Aurelio P\u00e9rez Jim\u00e9nez.<\/div>\n<div>\u00a0<\/div>\n<div>\n<p style=\"text-align: center;\"><span style=\"color: #0000ff;\">\u03a0\u03c1\u1f79\u03c3\u03c9\u03c0\u03bf\u03bd,<\/span><br \/><span style=\"color: #0000ff;\">Latini Theatri Ludorum<\/span><br \/><span style=\"color: #0000ff;\">Societas, in suo Generali Concilio,<\/span><\/p>\n<p style=\"text-align: center;\"><span style=\"color: #0000ff;\">propositione ACUTEMA,<\/span><br \/><span style=\"color: #0000ff;\">Malacae Culturalis Theatri Societatis,<\/span><br \/><span style=\"color: #0000ff;\">magni habita,<\/span><\/p>\n<p style=\"text-align: center;\"><span style=\"color: #0000ff;\">Dominum<\/span><br \/><span style=\"color: #ff0000;\">Aurelium Petreium Ximenum<\/span><br \/><span style=\"color: #0000ff;\">Prosopon Honoris Socium<\/span><\/p>\n<p style=\"text-align: center;\"><span style=\"color: #0000ff;\">eius praeclaris meritis Classicam Philologiam<\/span><br \/><span style=\"color: #0000ff;\">Universitatis discipulis libenter edocendo, immo<\/span><br \/><span style=\"color: #0000ff;\">etiam ACUTEMA Societatis creatione, ad Graeci<\/span><br \/><span style=\"color: #0000ff;\">et Latini theatri cognitionem ac ditantes fructus<\/span><br \/><span style=\"color: #0000ff;\">iuvenes et alios tot per annos studiose ferendo<\/span><\/p>\n<p style=\"text-align: center;\"><span style=\"color: #0000ff;\">omnium consensu adscribere constituit.<\/span><\/p>\n<p style=\"text-align: center;\"><span style=\"color: #0000ff;\">Prosopon Praeses Prosopon Scriba<\/span><br \/><span style=\"color: #0000ff;\">Cyprianus Fontanilla Ferdinandus Stephanus<\/span><\/p>\n<p style=\"text-align: center;\"><span style=\"color: #0000ff;\">Datum Malacae postridie Kalendas Iunias anni<\/span><br \/><span style=\"color: #0000ff;\">MMXXIII p. C.n<\/span><\/p>\n<p>\u00a0<\/p>\n<\/div>\n<div><span style=\"color: #ff0000;\">LAUDATIO A RA\u00daL CABALLERO S\u00c1NCHEZ<\/span><\/div>\n<div>\u00a0<\/div>\n<div>Estamos en una cultura influida por el mundo anglosaj\u00f3n en la que todo el mundo da las gracias por todo. El camarero te sirve un caf\u00e9. \u00abGracias\u00bb, contestamos. Ceden el paso a un peat\u00f3n en un paso de cebra. \u00abGracias\u00bb. Gracias por aqu\u00ed, gracias por all\u00e1. En la cultura nepal\u00ed nadie da las gracias por lo que alguien hace en cumplimiento de su deber. Es como el abrazo, abrazo por aqu\u00ed, abrazo por all\u00e1, pero \u00bfen d\u00f3nde queda el abrazo fraternal y sentido a un verdadero amigo? Por eso el agradecimiento, los gestos de cari\u00f1o, deben estar bien fundamentados y salir no de la cortes\u00eda, necesariamente falsa, sino de la sinceridad del coraz\u00f3n. M\u00e1s nos valdr\u00eda atender a aquello que dec\u00eda Cervantes en el \u00abQuijote\u00bb: \u00abNadie es m\u00e1s que otro si no hace m\u00e1s que otro\u201d. Y entonces s\u00ed que hay que dar las gracias de verdad y apretar el pecho del amigo de verdad, porque \u00e9l, sin necesidad, ha excedido lo que le era exigible, entrando ya en el terreno de la excelencia. Ra\u00fal Caballero S\u00e1nchez es uno de los que merecen esta distinci\u00f3n afectuosa. No ten\u00eda por qu\u00e9 hacerlo y lo hizo. Podr\u00eda \u00abhaber cumplido\u00bb, como decimos en Andaluc\u00eda, cumplir con lo que se espera de uno, pero no hubiera cumplido con lo que su coraz\u00f3n motivado le ped\u00eda.\u00a0<\/div>\n<div>\u00a0<\/div>\n<div>Lo que hab\u00eda en marcha tras el impulso persistente de Aurelio P\u00e9rez Jim\u00e9nez no era m\u00e1s que un comienzo. Labor omnia vicit \/ improbus: \u00abEl trabajo pertinaz todo lo venci\u00f3\u00bb. Con Ra\u00fal, en poco tiempo, la intensidad y la cantidad de los actos relacionados con el teatro grecolatino se tradujo en una multiplicaci\u00f3n de la actividad de Acutema, con la organizaci\u00f3n de Festivales Juveniles de Teatro, con la organizaci\u00f3n de congresos y con la creaci\u00f3n del grupo teatral \u00abS\u00e9mele\u00bb, que contaba con la colaboraci\u00f3n de la Escuela Superior de Arte Dram\u00e1tico (ESAD) en la persona de Chencho Ortiz. Con \u00abS\u00e9mele\u00bb se lleg\u00f3 a una especie de paroxismo de actividad teatral que se mantuvo hasta el a\u00f1o 2007. El Festival de M\u00e1laga se consolid\u00f3 y tambi\u00e9n las Jornadas sobre Teatro Cl\u00e1sico, cre\u00e1ndose una unidad de acci\u00f3n en lo esc\u00e9nico y lo cient\u00edfico. Con Ra\u00fal Caballero S\u00e1nchez se atend\u00eda con id\u00e9ntica eficacia a los j\u00f3venes de Ense\u00f1anza Secundaria y Bachillerato y a los estudiantes universitarios interesados en el teatro grecolatino. Con la reciente recuperaci\u00f3n del Teatro Romano, en la que tanto colabor\u00f3 Manuel Corrales Aguilar, y los apoyos inestimables del entonces consejero de Cultura Manuel Jes\u00fas Garc\u00eda, del anterior tesorero de Acutema, Miguel Briones, a la saz\u00f3n concejal de Educaci\u00f3n, de Maribel Calero, vicerrectora de Extensi\u00f3n Universitaria y del ya fallecido Dami\u00e1n Caneda, concejal de Cultura, se abr\u00edan las puertas a las representaciones teatrales en este espacio. En 2012, tras largos a\u00f1os de espera, el sue\u00f1o se hizo realidad. Al igual que en el caso de Aurelio, Ra\u00fal comprendi\u00f3 que hay que estar vigilante ante los logros conseguidos. Non minor est virtus, quam quaerere, parta tueri: \u00abSe necesita tanto valor para defender lo conquistado como para conquistarlo\u00bb, dec\u00eda Ovidio. Hay que mantener la concienciaci\u00f3n ciudadana de que un teatro romano no s\u00f3lo tiene la vertiente de aprecio arqueol\u00f3gico de un\u00a0 bien cultural, sino tambi\u00e9n otro aspecto m\u00e1s que ata\u00f1e a las emociones y que puede transformarnos profundamente, como es asistir a la contemplaci\u00f3n de comedias y tragedias grecolatinas all\u00ed donde fueron representadas hace m\u00e1s de 2000 a\u00f1os. Ya Ra\u00fal en 2014 lanz\u00f3 el primer manifiesto de ACUTEMA en defensa del Teatro Romano de M\u00e1laga como espacio esc\u00e9nico. En 2023 nosotros seguimos en este empe\u00f1o tan justo como necesario.\u00a0<\/div>\n<div>\u00a0<\/div>\n<div>Cuando empec\u00e9 a colaborar con Acutema, Ra\u00fal me encargaba alguna gesti\u00f3n de poca monta: hacer llamadas a Protecci\u00f3n Civil y alguna cosa m\u00e1s. Un a\u00f1o me cit\u00f3 en una cafeter\u00eda para explicarme con m\u00e1s detalle mi colaboraci\u00f3n.\u00a0 Lleg\u00f3 con dos carpetas atestadas de papeles. Ante mi aturdimiento me explic\u00f3: quer\u00eda que me hiciera cargo de la Asociaci\u00f3n. Su presidencia hab\u00eda durado 11 a\u00f1os. Los pilares estaban sentados: Teatro Romano, Festival dentro de la red Pr\u00f3sopon, amplia y entusiasta colaboraci\u00f3n de voluntarios\/as del grado de Filolog\u00eda Cl\u00e1sica y continuidad de la colaboraci\u00f3n con la ESAD y el Taller de Teatro Cl\u00e1sico de Andreu. Seguramente se quitar\u00e1 m\u00e9rito\u00a0 y dir\u00e1 que no es para tanto. Ser\u00e1 porque la costumbre le llev\u00f3 a considerar normal el peso de esta dedicaci\u00f3n absorbente al tiempo que continuaba su labor docente e investigadora. Seguramente lleg\u00f3 a considerar normal el trabajo excepcional de tantos a\u00f1os. Hora es ya de un reconocimiento y de darle a su trabajo el justo valor. Y este es el momento. Gracias, Ra\u00fal. Un abrazo.<\/div>\n<div>\u00a0<\/div>\n<div style=\"text-align: center;\">\n<p><span style=\"color: #0000ff;\">\u03a0\u03c1\u1f79\u03c3\u03c9\u03c0\u03bf\u03bd,<\/span><br \/><span style=\"color: #0000ff;\">Graeci et Latini Theatri Ludorum<\/span><br \/><span style=\"color: #0000ff;\">Societas, in suo Generali Concilio,<\/span><\/p>\n<p><span style=\"color: #0000ff;\">propositione ACUTEMA,<\/span><br \/><span style=\"color: #0000ff;\">Malacae Culturalis Theatri Societatis,<\/span><br \/><span style=\"color: #0000ff;\">magni habita,<\/span><\/p>\n<p><span style=\"color: #0000ff;\">Dominum<\/span><br \/><span style=\"color: #ff0000;\">Radolphum Equitem Sanctium<\/span><\/p>\n<p><span style=\"color: #0000ff;\">eius praeclaris meritis Malacae Universitatis Classicae<\/span><br \/><span style=\"color: #0000ff;\">Philologiae Gradum inter iuvenes Theatri Classici<\/span><br \/><span style=\"color: #0000ff;\">Ludorum ac histrionum Semele gregis summa ope<\/span><br \/><span style=\"color: #0000ff;\">magnopere favendo atque etiam ACUTEMA Societatis<\/span><br \/><span style=\"color: #0000ff;\">adhaesionem Prosopon Ludis feliciter gerendo<\/span><\/p>\n<p><span style=\"color: #0000ff;\">Prosopon Honoris Socium<\/span><\/p>\n<p><span style=\"color: #0000ff;\">omnium consensu adscribere constituit.<\/span><\/p>\n<p><span style=\"color: #0000ff;\">Prosopon Praeses Prosopon Scriba<\/span><br \/><span style=\"color: #0000ff;\">Cyprianus Fontanilla Ferdinandus Stephanus<\/span><\/p>\n<p><span style=\"color: #0000ff;\">Datum Malacae postridie Kalendas Iunias anni<\/span><br \/><span style=\"color: #0000ff;\">MMXXIII p. C.n<\/span><\/p>\n<p>\u00a0<\/p>\n<\/div>\n<p align=\"JUSTIFY\">Antonio L\u00f3pez G\u00e1miz, presidente de ACUTEMA.<\/p>\n<h3>&#8212;&#8212;&#8212;&#8212;&#8212;&#8212;&#8212;&#8212;&#8212;&#8212;&#8212;&#8212;&#8212;&#8212;&#8212;&#8212;&#8212;&#8212;&#8212;&#8212;&#8212;&#8212;&#8212;&#8212;&#8212;&#8212;&#8212;&#8212;&#8212;&#8212;&#8212;&#8212;&#8212;&#8212;&#8211;<\/h3>\n<h3>2019. IV JORNADAS DE TEATRO CL\u00c1SICO<\/h3>\n<p>D\u00edas 25, 26 y 27 de marzo de 2019<\/p>\n<p>Aula Rodr\u00edguez de Berlanga, Facultad de Filosof\u00eda y Letras<\/p>\n<p>Lunes, 25 de marzo<\/p>\n<table>\n<tbody>\n<tr>\n<td width=\"151\">16:30-17:00 h.<\/td>\n<td width=\"415\">Recepci\u00f3n de los participantes y recogida de la documentaci\u00f3n<\/td>\n<\/tr>\n<tr>\n<td width=\"151\">17:00-18:00 h.<\/td>\n<td width=\"415\">Jes\u00fas Bartolom\u00e9 (Universidad del Pa\u00eds Vasco): \u201c\u00bfConoc\u00edan los romanos los or\u00edgenes de su teatro? Los testimonio de Livio y Horacio\u201d<\/td>\n<\/tr>\n<tr>\n<td width=\"151\">18:00-19:00 h.<\/td>\n<td width=\"415\">Leonor P\u00e9rez G\u00f3mez (Universidad de Granada): \u201cCrimen y castigo en dos tragedias de S\u00e9neca: <em>Thyestes<\/em> y <em>Medea<\/em>\u201d<\/td>\n<\/tr>\n<tr>\n<td width=\"151\">19:00-19:30 h.<\/td>\n<td width=\"415\">Descanso<\/td>\n<\/tr>\n<tr>\n<td width=\"151\">19:30-20:30 h.<\/td>\n<td width=\"415\">Vasileios Balaskas, Isidro Molina Zorrilla y Miriam Carrillo Rodr\u00edguez (Universidad de M\u00e1laga): \u201cDanaides: suplicantes y refugiadas. La actualidad de Esquilo\u201d<\/td>\n<\/tr>\n<\/tbody>\n<\/table>\n<p>Martes, 26 de marzo<\/p>\n<table>\n<tbody>\n<tr>\n<td width=\"151\">17:00-18:00 h.<\/td>\n<td width=\"415\">Rosario L\u00f3pez Gregoris (Universidad Aut\u00f3noma de Madrid): \u201cPlauto, personaje de novela hist\u00f3rica\u201d<\/td>\n<\/tr>\n<tr>\n<td width=\"151\">18:00-19:00 h.<\/td>\n<td width=\"415\">Luis Unceta G\u00f3mez (Universidad Aut\u00f3noma de Madrid): \u201c<em>Nocentia et rid\u00edcula verba<\/em>. La violencia verbal contra las mujeres como forma de humor\u201d<\/td>\n<\/tr>\n<tr>\n<td width=\"151\">19:00-19:30 h.<\/td>\n<td width=\"415\">Descanso<\/td>\n<\/tr>\n<tr>\n<td width=\"151\">19:30-20:30 h.<\/td>\n<td width=\"415\">F\u00e1tima Silva (Universidad de Coimbra): \u201cA carta: um elemento liter\u00e1rio e dram\u00e1tico\u201d<\/td>\n<\/tr>\n<\/tbody>\n<\/table>\n<p>Mi\u00e9rcoles, 27 de marzo<\/p>\n<table>\n<tbody>\n<tr>\n<td width=\"151\">16:30-18:00 h.<\/td>\n<td width=\"415\">Asistencia gratuita a la representaci\u00f3n en el Teatro Romano de <em>Gemelos<\/em> de Plauto por el grupo ALEZEIA Teatro, de Benalm\u00e1dena\n<p>\u00a0<\/p>\n<p>\u00a0<\/p>\n<\/td>\n<\/tr>\n<\/tbody>\n<\/table>\n<h3><strong>para m\u00e1s informaci\u00f3n:<\/strong> <span style=\"color: #ff0000;\"><strong>cmacias@uma.es<\/strong><\/span><\/h3>\n<p>\u00a0<\/p>\n<h3><span style=\"color: #000080;\">III\u00a0JORNADAS DE TEATRO CL\u00c1SICO<\/span><\/h3>\n<h3><span style=\"color: #000080;\">M\u00e1laga, 8,\u00a09 Y 10 de Mayo\u00a0de 2018<\/span><\/h3>\n<p>En colaboraci\u00f3n con\u00a0la <a href=\"http:\/\/seec-malaga.blogspot.com.es\/search\/label\/ACUTEMA\" target=\"_blank\" rel=\"noopener\">Sociedad Espa\u00f1ola de Estudios Cl\u00e1sicos<\/a>\u00a0de M\u00e1laga<\/p>\n<p><strong>III JORNADAS DE TEATRO CL\u00c1SICO GRECOLATINO<\/strong><\/p>\n<p><strong>M\u00e1laga, 8, 9 y 10 de mayo<\/strong><\/p>\n<p><strong>Programa<\/strong><\/p>\n<p>Martes, 8 de mayo<\/p>\n<table>\n<tbody>\n<tr>\n<td width=\"104\">16:00-16:30 h.<\/td>\n<td width=\"463\">Recepci\u00f3n de los participantes y recogida de la documentaci\u00f3n en la entrada del Teatro Romano de M\u00e1laga<\/td>\n<\/tr>\n<tr>\n<td width=\"104\">16:30<\/td>\n<td width=\"463\">Representaci\u00f3n del <em>Rudens<\/em>, de Plauto por el grupo Balbo Teatro, del Puerto de Santa Mar\u00eda (C\u00e1diz)<\/td>\n<\/tr>\n<tr>\n<td width=\"104\">18:30<\/td>\n<td width=\"463\">II Homenaje al teatro grecolatino. Recital de teatro, danza y guitarra sobre autores grecolatinos (Chencho Ortiz y alumnos de la ESAD de M\u00e1laga, con la colaboraci\u00f3n especial de Concha Gal\u00e1n y del Estudio de Danza de Carmen Fernanda)<\/td>\n<\/tr>\n<\/tbody>\n<\/table>\n<p>Mi\u00e9rcoles, 9 de mayo<\/p>\n<table>\n<tbody>\n<tr>\n<td width=\"104\">16:30-17:00 h.<\/td>\n<td width=\"463\">Alfonso C. Dom\u00ednguez Alonso (UMA): \u201cExploraci\u00f3n cultural de las C\u00edcladas\u201d<\/td>\n<\/tr>\n<tr>\n<td width=\"104\">17:00-18:00 h.<\/td>\n<td width=\"463\">Marta Gonz\u00e1lez Gonz\u00e1lez (UMA): \u201cEl teatro de la guerra. La tragedia griega como terapia\u201d<\/td>\n<\/tr>\n<tr>\n<td width=\"104\">18:00-19:00 h.<\/td>\n<td width=\"463\">Rosario L\u00f3pez Gregoris (UCM): \u201cPersonajes c\u00f3micos y realidad social\u201d<\/td>\n<\/tr>\n<tr>\n<td width=\"104\">19:00-19:30 h.<\/td>\n<td width=\"463\">Descanso<\/td>\n<\/tr>\n<tr>\n<td width=\"104\">19:30-20:30 h.<\/td>\n<td width=\"463\">Antonio L\u00f3pez Fonseca (UCM): \u201cLos <em>ludi teatrales<\/em> en Roma: vida, teatro y sociedad. De la <em>palliata<\/em> al <em>mimus<\/em>\u201d<\/td>\n<\/tr>\n<\/tbody>\n<\/table>\n<p>Jueves, 10 de mayo<\/p>\n<table>\n<tbody>\n<tr>\n<td width=\"104\">17:00-18:00 h.<\/td>\n<td width=\"463\">Leonor P\u00e9rez G\u00f3mez (UGR): \u00abLa sangre y la muerte como espect\u00e1culo en la tragedia de S\u00e9neca\u201d<\/td>\n<\/tr>\n<tr>\n<td width=\"104\">18:00-19:00 h.<\/td>\n<td width=\"463\">Delia Mac\u00edas Fuentes (UMA): \u201cLas fuentes cl\u00e1sicas del teatro human\u00edstico espa\u00f1ol\u201d<\/td>\n<\/tr>\n<tr>\n<td width=\"104\">19:00-19:30 h.<\/td>\n<td width=\"463\">Descanso<\/td>\n<\/tr>\n<tr>\n<td width=\"104\">19:30-20:30 h.<\/td>\n<td width=\"463\">Engracia Robles (IES J. L. Castillo Puche, Yecla, Murcia): \u201c<em>Caligae <\/em>teatro. Creciendo en las tablas\u201d<\/td>\n<\/tr>\n<\/tbody>\n<\/table>\n<p><strong><span style=\"color: #ff0000;\">DURACI\u00d3N DE LAS JORNADAS:<\/span> 15 HORAS.<\/strong><\/p>\n<h4><strong><span style=\"color: #0000ff;\">PRECIO DE LA MATR\u00cdCULA:<\/span> 15 \u20ac<\/strong><\/h4>\n<h4><span style=\"color: #cc99ff;\"><strong><span style=\"color: #339966;\">CUENTA DE INGRESO:<\/span><\/strong>\u00a0<\/span>UNICAJA, IBAN: ES10, cuenta:\u00a0<strong>2103 3050 04 0030018395<\/strong><\/h4>\n<h3><strong>para m\u00e1s informaci\u00f3n:<\/strong> <span style=\"color: #ff0000;\"><strong>cmacias@uma.es<\/strong><\/span><\/h3>\n<p>\u00a0<\/p>","protected":false},"excerpt":{"rendered":"<p>3 DE JUNIO DE 2023 DON AURELIO P\u00c9REZ JIM\u00c9NEZ Y DON RA\u00daL CABALLERO S\u00c1NCHEZ, NOMBRADOS SOCIOS DE HONOR DE \u00abPR\u00d3SOPON\u00bb PR\u00d3SOPON, FESTIVALES DE TEATRO GRECOLATINO (prosoponteatro.blogspot.com) \u00a0 LAUDATIO A AURELIO P\u00c9REZ JIM\u00c9NEZ \u00a0 Hay empresas humanas que sobrepasan cualquier af\u00e1n de resaltar lo individual y hay afanes individuales indisociables de la calidad determinadas empresas. Sin &hellip; <\/p>\n<p><a class=\"more-link btn\" href=\"https:\/\/acutema.org\/?page_id=46\">Seguir leyendo<\/a><\/p>\n","protected":false},"author":1,"featured_media":0,"parent":0,"menu_order":60,"comment_status":"closed","ping_status":"closed","template":"","meta":{"footnotes":""},"class_list":["post-46","page","type-page","status-publish","hentry","nodate","item-wrap"],"_links":{"self":[{"href":"https:\/\/acutema.org\/index.php?rest_route=\/wp\/v2\/pages\/46","targetHints":{"allow":["GET"]}}],"collection":[{"href":"https:\/\/acutema.org\/index.php?rest_route=\/wp\/v2\/pages"}],"about":[{"href":"https:\/\/acutema.org\/index.php?rest_route=\/wp\/v2\/types\/page"}],"author":[{"embeddable":true,"href":"https:\/\/acutema.org\/index.php?rest_route=\/wp\/v2\/users\/1"}],"replies":[{"embeddable":true,"href":"https:\/\/acutema.org\/index.php?rest_route=%2Fwp%2Fv2%2Fcomments&post=46"}],"version-history":[{"count":28,"href":"https:\/\/acutema.org\/index.php?rest_route=\/wp\/v2\/pages\/46\/revisions"}],"predecessor-version":[{"id":692,"href":"https:\/\/acutema.org\/index.php?rest_route=\/wp\/v2\/pages\/46\/revisions\/692"}],"wp:attachment":[{"href":"https:\/\/acutema.org\/index.php?rest_route=%2Fwp%2Fv2%2Fmedia&parent=46"}],"curies":[{"name":"wp","href":"https:\/\/api.w.org\/{rel}","templated":true}]}}