{"id":502,"date":"2022-09-13T14:12:26","date_gmt":"2022-09-13T14:12:26","guid":{"rendered":"http:\/\/acutema.org\/?page_id=502"},"modified":"2022-09-13T14:25:40","modified_gmt":"2022-09-13T14:25:40","slug":"xviii-festival","status":"publish","type":"page","link":"https:\/\/acutema.org\/?page_id=502","title":{"rendered":"XVIII FESTIVAL (2022)"},"content":{"rendered":"\n<h4 class=\"wp-block-heading\">DEBIDO A LAS OBRAS QUE PR\u00d3XIMAMENTE SE ACOMETER\u00c1N EN EL TEATRO ROMANO, DEBEMOS TRASLADAR NUESTRO FESTIVAL A LA \u00abCAJA BLANCA\u00bb, AVENIDA DEL EDITOR \u00c1NGEL CAFFARENA, 8, 29010 M\u00c1LAGA.<\/h4>\n\n\n\n<h4 class=\"wp-block-heading\"><strong>XVIII FESTIVAL JUVENIL DE TEATRO GRECOLATINO DE M\u00c1LAGA (ABRIL DE 2022)<\/strong><\/h4>\n\n\n\n<h4 class=\"wp-block-heading\"><strong>Inscripci\u00f3n para centros educativos (solo para recogida de datos):<\/strong><\/h4>\n\n\n\n<h3 class=\"wp-block-heading\"><a href=\"https:\/\/docs.google.com\/forms\/d\/e\/1FAIpQLSeqjCEIP3SP_gwLNJQ310kn_XIHuJVl1-DTwh0YjiccEMaDnw\/viewform?usp=sf_link\" target=\"_blank\" rel=\"noreferrer noopener\">https:\/\/docs.google.com\/forms\/d\/e\/1FAIpQLSeqjCEIP3SP_gwLNJQ310kn_XIHuJVl1-DTwh0YjiccEMaDnw\/viewform?usp=sf_link<\/a><\/h3>\n\n\n\n<h4 class=\"wp-block-heading\"><strong>Instrucciones para la reserva. Solicitar informaci\u00f3n en:<\/strong><\/h4>\n\n\n\n<figure class=\"wp-block-image\"><img loading=\"lazy\" decoding=\"async\" width=\"289\" height=\"86\" src=\"https:\/\/acutema.org\/wp-content\/uploads\/Email-teatro-2.jpg\" alt=\"\" class=\"wp-image-476\"\/><\/figure>\n\n\n\n<h3 class=\"wp-block-heading\"><strong>COORDINADOR<\/strong><\/h3>\n\n\n\n<h3 class=\"wp-block-heading\">Antonio L\u00f3pez G\u00e1miz<\/h3>\n\n\n\n<h3 class=\"wp-block-heading\"><strong>LUGAR<\/strong><\/h3>\n\n\n\n<h3 class=\"wp-block-heading\">Teatro Romano de M\u00e1laga<\/h3>\n\n\n\n<p>(INFORMACI\u00d3N ACTUALIZADA AL 5\/2\/2022)<\/p>\n\n\n\n<h3 class=\"wp-block-heading\"><strong>D\u00cdA 19 DE ABRIL,&nbsp; MARTES<\/strong><\/h3>\n\n\n\n<h3 class=\"wp-block-heading\">9,45 horas<\/h3>\n\n\n\n<h3 class=\"wp-block-heading\"><strong>ELECTRA, <\/strong>de S\u00f3focles (COMPLETO)<\/h3>\n\n\n\n<h3 class=\"wp-block-heading\">Grupo&nbsp;de la ESAD de M\u00e1laga. Adaptaci\u00f3n y direcci\u00f3n esc\u00e9nica:&nbsp;Jos\u00e9 Manuel S\u00e1nchez Andreu<\/h3>\n\n\n\n<p>(<a href=\"http:\/\/www.esadmalaga.com\/\">http:\/\/www.esadmalaga.com\/<\/a>)<\/p>\n\n\n\n<h3 class=\"wp-block-heading\">12,15 horas<\/h3>\n\n\n\n<h3 class=\"wp-block-heading\"><strong>ELECTRA, <\/strong>de S\u00f3focles (COMPLETO)<\/h3>\n\n\n\n<h3 class=\"wp-block-heading\">Grupo&nbsp;de la ESAD de M\u00e1laga. Adaptaci\u00f3n y direcci\u00f3n esc\u00e9nica:&nbsp;Jos\u00e9 Manuel S\u00e1nchez Andreu<\/h3>\n\n\n\n<p>(<a href=\"http:\/\/www.esadmalaga.com\/\">http:\/\/www.esadmalaga.com\/<\/a>)<\/p>\n\n\n\n<h3 class=\"wp-block-heading\"><strong>D\u00cdA 20 DE ABRIL,&nbsp; MI\u00c9RCOLES<\/strong><\/h3>\n\n\n\n<h3 class=\"wp-block-heading\">9,45 horas<\/h3>\n\n\n\n<h3 class=\"wp-block-heading\"><strong>EDIPO REY<\/strong>, de S\u00f3focles (COMPLETO)<\/h3>\n\n\n\n<h3 class=\"wp-block-heading\">Grupo KOMOS, de Valencia (<a href=\"https:\/\/www.grupokomos.com\/GrupoKomos\/Grupo_Komos.html\">https:\/\/www.grupokomos.com\/GrupoKomos\/Grupo_Komos.html<\/a>)<\/h3>\n\n\n\n<h3 class=\"wp-block-heading\">12,15 horas<\/h3>\n\n\n\n<h3 class=\"wp-block-heading\"><strong>EDIPO REY<\/strong>, de S\u00f3focles (COMPLETO)<\/h3>\n\n\n\n<h3 class=\"wp-block-heading\">Grupo KOMOS, de Valencia (<a href=\"https:\/\/www.grupokomos.com\/GrupoKomos\/Grupo_Komos.html\">https:\/\/www.grupokomos.com\/GrupoKomos\/Grupo_Komos.html<\/a>)<\/h3>\n\n\n\n<h3 class=\"wp-block-heading\">16,30&nbsp;horas<\/h3>\n\n\n\n<h3 class=\"wp-block-heading\"><strong>LOS GEMELOS,&nbsp;<\/strong>de Plauto (COMPLETO)<\/h3>\n\n\n\n<h3 class=\"wp-block-heading\">Grupo KOMOS, de Valencia (<a href=\"https:\/\/www.grupokomos.com\/GrupoKomos\/Grupo_Komos.html\">https:\/\/www.grupokomos.com\/GrupoKomos\/Grupo_Komos.html<\/a>)<\/h3>\n\n\n\n<h3 class=\"wp-block-heading\"><strong>D\u00cdA 21 DE ABRIL,&nbsp; JUEVES<\/strong><\/h3>\n\n\n\n<h3 class=\"wp-block-heading\">10,00 horas<\/h3>\n\n\n\n<h3 class=\"wp-block-heading\"><strong>LAS NUBES,&nbsp;<\/strong>de Arist\u00f3fanes (COMPLETO)<\/h3>\n\n\n\n<h3 class=\"wp-block-heading\">Grupo&nbsp;IN ALBIS de Mor\u00f3n de la Frontera (Sevilla)&nbsp;(<a href=\"https:\/\/inalbisteatro.wordpress.com\/\">inalbisteatro.wordpress.com<\/a>)<\/h3>\n\n\n\n<h3 class=\"wp-block-heading\">12,15 horas<\/h3>\n\n\n\n<h3 class=\"wp-block-heading\"><strong>LAS NUBES,&nbsp;<\/strong>de Arist\u00f3fanes (COMPLETO)<\/h3>\n\n\n\n<h3 class=\"wp-block-heading\">Grupo&nbsp;IN ALBIS de Mor\u00f3n de la Frontera (Sevilla)&nbsp;(<a href=\"https:\/\/inalbisteatro.wordpress.com\/\">inalbisteatro.wordpress.com<\/a>)<\/h3>\n\n\n\n<h4 class=\"wp-block-heading\"><strong>Modo de inscribirse y hacer la reserva:<\/strong><\/h4>\n\n\n\n<ul class=\"wp-block-list\"><li>Contactar&nbsp;con la Asociaci\u00f3n Cultural de Teatro Grecolatino de M\u00e1laga (ACUTEMA) mediante correo electr\u00f3nico a&nbsp;<a href=\"mailto:teatrogrecolatino@acutema.org\">teatrogrecolatino@acutema.org<\/a>&nbsp;o&nbsp;SMS al 609 185 174.&nbsp;Web:&nbsp;&nbsp;&nbsp;<a href=\"http:\/\/www.acutema.org\/\">http:\/\/www.acutema.org<\/a><\/li><\/ul>\n\n\n\n<p><strong>OBSERVACIONES<\/strong><\/p>\n\n\n\n<ol class=\"wp-block-list\"><li>Se recuerda al profesorado&nbsp;que no es un Festival adecuado para alumnado&nbsp;de cursos inferiores a 3\u00ba de ESO.<\/li><li>Asimismo, se recuerda a los profesores\/as que deben permanecer con su alumnado desde el momento en que accedan al teatro hasta la salida.<\/li><li>Tambi\u00e9n se ruega al profesorado que cumplan y hagan cumplir las normas sanitarias que en su caso se deban aplicar.<\/li><\/ol>\n\n\n\n<h3 class=\"wp-block-heading\"><strong>Organiza<\/strong>: Asociaci\u00f3n Cultural de Teatro Grecolatino de M\u00e1laga (ACUTEMA)<\/h3>\n\n\n\n<h3 class=\"wp-block-heading\"><strong>Patrocina<\/strong>: \u00c1rea de Cultura del Ayuntamiento de M\u00e1laga.<\/h3>\n\n\n\n<h3 class=\"wp-block-heading\"><strong>Colaboran<\/strong>: Red de Festivales de Teatro Grecolatino (Pr\u00f3sopon), \u00c1rea de Juventud del Ayuntamiento de M\u00e1laga, Escuela Superior de Arte Dram\u00e1tico de M\u00e1laga (ESAD), Sociedad Espa\u00f1ola de Estudios Cl\u00e1sicos y \u00c1reas de Filolog\u00eda Griega y Filolog\u00eda Latina de la UMA.<\/h3>\n","protected":false},"excerpt":{"rendered":"<p>DEBIDO A LAS OBRAS QUE PR\u00d3XIMAMENTE SE ACOMETER\u00c1N EN EL TEATRO ROMANO, DEBEMOS TRASLADAR NUESTRO FESTIVAL A LA \u00abCAJA BLANCA\u00bb, AVENIDA DEL EDITOR \u00c1NGEL CAFFARENA, 8, 29010 M\u00c1LAGA. XVIII FESTIVAL JUVENIL DE TEATRO GRECOLATINO DE M\u00c1LAGA (ABRIL DE 2022) Inscripci\u00f3n para centros educativos (solo para recogida de datos): https:\/\/docs.google.com\/forms\/d\/e\/1FAIpQLSeqjCEIP3SP_gwLNJQ310kn_XIHuJVl1-DTwh0YjiccEMaDnw\/viewform?usp=sf_link Instrucciones para la reserva. Solicitar informaci\u00f3n &hellip; <\/p>\n<p><a class=\"more-link btn\" href=\"https:\/\/acutema.org\/?page_id=502\">Seguir leyendo<\/a><\/p>\n","protected":false},"author":1,"featured_media":0,"parent":0,"menu_order":0,"comment_status":"closed","ping_status":"closed","template":"","meta":{"footnotes":""},"class_list":["post-502","page","type-page","status-publish","hentry","nodate","item-wrap"],"_links":{"self":[{"href":"https:\/\/acutema.org\/index.php?rest_route=\/wp\/v2\/pages\/502","targetHints":{"allow":["GET"]}}],"collection":[{"href":"https:\/\/acutema.org\/index.php?rest_route=\/wp\/v2\/pages"}],"about":[{"href":"https:\/\/acutema.org\/index.php?rest_route=\/wp\/v2\/types\/page"}],"author":[{"embeddable":true,"href":"https:\/\/acutema.org\/index.php?rest_route=\/wp\/v2\/users\/1"}],"replies":[{"embeddable":true,"href":"https:\/\/acutema.org\/index.php?rest_route=%2Fwp%2Fv2%2Fcomments&post=502"}],"version-history":[{"count":2,"href":"https:\/\/acutema.org\/index.php?rest_route=\/wp\/v2\/pages\/502\/revisions"}],"predecessor-version":[{"id":508,"href":"https:\/\/acutema.org\/index.php?rest_route=\/wp\/v2\/pages\/502\/revisions\/508"}],"wp:attachment":[{"href":"https:\/\/acutema.org\/index.php?rest_route=%2Fwp%2Fv2%2Fmedia&parent=502"}],"curies":[{"name":"wp","href":"https:\/\/api.w.org\/{rel}","templated":true}]}}