{"id":52,"date":"2016-01-15T14:26:14","date_gmt":"2016-01-15T14:26:14","guid":{"rendered":"http:\/\/acutema.org\/?page_id=52"},"modified":"2023-06-20T17:00:38","modified_gmt":"2023-06-20T17:00:38","slug":"donar","status":"publish","type":"page","link":"https:\/\/acutema.org\/?page_id=52","title":{"rendered":"COLABORACI\u00d3N CON LA ESAD"},"content":{"rendered":"<h3><span style=\"color: #993366;\"><strong>ACUTEMA mantiene una colaboraci\u00f3n hist\u00f3rica con la Escuela Superior de Arte Dram\u00e1tico de M\u00e1laga (ESAD). Todo con el fin de mantener el auge del Teatro Cl\u00e1sico Grecolatino. Ah\u00ed estaremos siempre trabajando codo con codo.<\/strong><\/span><\/h3>\n<p><img loading=\"lazy\" decoding=\"async\" class=\"alignnone size-medium wp-image-664\" src=\"https:\/\/acutema.org\/wp-content\/uploads\/2008_MERIDA_Bacantes-Euripides.-ESAD-Malaga-_2008_-Foto-L.-Arguello-2-253x300.jpg\" alt=\"\" width=\"253\" height=\"300\" srcset=\"https:\/\/acutema.org\/wp-content\/uploads\/2008_MERIDA_Bacantes-Euripides.-ESAD-Malaga-_2008_-Foto-L.-Arguello-2-253x300.jpg 253w, https:\/\/acutema.org\/wp-content\/uploads\/2008_MERIDA_Bacantes-Euripides.-ESAD-Malaga-_2008_-Foto-L.-Arguello-2-864x1024.jpg 864w, https:\/\/acutema.org\/wp-content\/uploads\/2008_MERIDA_Bacantes-Euripides.-ESAD-Malaga-_2008_-Foto-L.-Arguello-2.jpg 1230w\" sizes=\"auto, (max-width: 253px) 100vw, 253px\" \/><\/p>\n<h6><em>Dioniso en la representaci\u00f3n de \u00abLas Bacantes\u00bb de Eur\u00edpides, por la ESAD de M\u00e1laga. Festival Juvenil de Teatro Grecolatino de M\u00e9rida de 2008<\/em><\/h6>\n<h1><strong>&#8212;&#8212;&#8212;&#8212;&#8212;&#8212;&#8212;&#8212;&#8212;&#8212;&#8212;&#8212;&#8212;&#8212;&#8212;&#8212;&#8212;&#8212;&#8212;&#8212;&#8212;&#8211;<\/strong><\/h1>\n<h1><strong>FESTIVAL 2019<\/strong><\/h1>\n<h3><span style=\"color: #0000ff;\"><strong>D\u00cdA 27 DE MARZO,\u00a0 MI\u00c9RCOLES<\/strong><\/span><\/h3>\n<h3>12,00 horas<\/h3>\n<h3><strong>HIP\u00d3LITO, <\/strong>de Eur\u00edpides<\/h3>\n<h3><span style=\"color: #800080;\">Grupo\u00a0de la ESAD de M\u00e1laga. Adaptaci\u00f3n y direcci\u00f3n esc\u00e9nica:\u00a0Jos\u00e9 Manuel S\u00e1nchez Andreu<\/span><\/h3>\n<p><u>(<a href=\"http:\/\/www.esadmalaga.com\/\">http:\/\/www.esadmalaga.com\/<\/a>)<\/u><\/p>\n<p>Duraci\u00f3n: 65 min.<\/p>\n<p><img loading=\"lazy\" decoding=\"async\" class=\"alignnone size-medium wp-image-397\" src=\"https:\/\/acutema.org\/wp-content\/uploads\/Hip\u00f3lito-222x300.jpg\" alt=\"Hip\u00f3lito\" width=\"222\" height=\"300\" srcset=\"https:\/\/acutema.org\/wp-content\/uploads\/Hip\u00f3lito-222x300.jpg 222w, https:\/\/acutema.org\/wp-content\/uploads\/Hip\u00f3lito.jpg 350w\" sizes=\"auto, (max-width: 222px) 100vw, 222px\" \/><\/p>\n<p>Quiz\u00e1s sea la historia de amor de Fedra por su hijastro Hip\u00f3lito una de las historias m\u00e1s impactantes del Teatro Universal, porque posee, sin lugar a dudas, en sus palabras una universalidad de significados que la hacen estar siempre viva pese a los siglos y versiones que sobre las tablas de los escenarios de todo el mundo se hayan llevado a cabo; y en parte esta afirmaci\u00f3n radica en el sentimiento que hilvana toda la obra: EL AMOR.<\/p>\n<h3><span style=\"color: #0000ff;\"><strong>D\u00cdA 28 DE MARZO,\u00a0 JUEVES<\/strong><\/span><\/h3>\n<h3>18,00 horas<\/h3>\n<h3><strong>III HOMENAJE AL TEATRO GRECOLATINO<\/strong><\/h3>\n<h3><span style=\"color: #800080;\">Chencho Ortiz\u00a0y alumn@s de la ESAD de M\u00e1laga, con la colaboraci\u00f3n especial del estudio de Danza de Carmen Fernanda.<\/span><\/h3>\n<h1><strong>FESTIVAL 2018<\/strong><\/h1>\n<h2><span style=\"color: #0000ff;\"><strong>D\u00cdA 7 DE MAYO,\u00a0 LUNES<\/strong><\/span><\/h2>\n<h2><\/h2>\n<h2><span style=\"color: #ff0000;\">18,30 horas<\/span><\/h2>\n<h2><strong>LA OREST\u00cdADA,\u00a0<\/strong>de Esquilo<\/h2>\n<h2><span style=\"color: #008000;\">Grupo\u00a0de la ESAD de M\u00e1laga. Adaptaci\u00f3n y direcci\u00f3n esc\u00e9nica:\u00a0<strong>Jos\u00e9 Manuel S\u00e1nchez Andreu<\/strong><\/span><\/h2>\n<p><img loading=\"lazy\" decoding=\"async\" class=\"aligncenter\" src=\"http:\/\/hostmaster.esadmalaga.com\/carteles\/2017\/Andreu\/cartel-orestiada.jpg\" alt=\"Cartel, Orestiada\" width=\"320\" height=\"448\" \/><\/p>\n<p>SINOPSIS<\/p>\n<p>El regreso del rey Agamen\u00f3n victorioso despu\u00e9s de la ca\u00edda de Troya, se ve enturbiado por su asesinato a manos de su esposa, la reina mic\u00e9nica Clitemnestra. A\u00f1os despu\u00e9s ser\u00e1 el hijo de ambos, Orestes, quien presionado por Electra, vengar\u00e1 la muerte de su padre asesinando a su propia madre y al amante de esta. Pero este crimen no puede quedar sin castigo. Perseguido por las Erinias, Orestes, deber\u00e1 ser juzgado ante el Are\u00f3pago, primer tribunal de la historia constituido en Atenas, y presidido por la propia diosa protectora de la ciudad: Atenea.<\/p>\n<p>TODOS LOS P\u00daBLICOS.<\/p>\n<h2><span style=\"color: #0000ff;\"><strong>D\u00cdA 8\u00a0DE MAYO,\u00a0 MARTES<\/strong><\/span><\/h2>\n<h2><span style=\"color: #ff0000;\">18,30 horas<\/span><\/h2>\n<h2><strong>II HOMENAJE AL TEATRO GRECOLATINO<\/strong><\/h2>\n<h2><span style=\"color: #008000;\"><strong>Recital de teatro, danza y guitarra <\/strong>sobre\u00a0autores grecolatinos<\/span><\/h2>\n<h2><span style=\"color: #008000;\">Chencho Ortiz\u00a0y alumn@s de la ESAD de M\u00e1laga, con la colaboraci\u00f3n especial de <a href=\"https:\/\/es.wikipedia.org\/wiki\/Concha_Gal%C3%A1n\" target=\"_blank\" rel=\"noopener\">Concha Gal\u00e1n <\/a>y del estudio de Danza de Carmen Fernanda.<\/span><\/h2>\n<h6><strong>Chencho Ortiz <\/strong>se licenci\u00f3 en Arte Dram\u00e1tico en la especialidad de interpretaci\u00f3n y desde 1993 es profesor de expresi\u00f3n corporal en la ESAD de M\u00e1laga. Ha dedicado una gran parte de su vida al teatro y este sigue siendo su gran pasi\u00f3n, adem\u00e1s del cine.<\/h6>\n<p>Como int\u00e9rprete ha trabajado desde muy joven con el grupo ARA, con actores y actrices de la categor\u00eda de Antonio Banderas, Mar\u00eda Barranco, Antonio Navarro, Jos\u00e9 Ru\u00edz, Pablo Puyol, Fran Perea, Alfonso Begara, Terele P\u00e1vez, Fele Mart\u00ednez, Ingrid Rubio, Concha Gal\u00e1n, Laura Baena, Juanma Lara, Bel\u00e9n Cuesta&#8230; y con directores como Maestro Moraleda, Oscar Romero, Carlos Saura, Antonio Gades, entre otros. Ha sido actor protagonista en \u201cEl Lunes de las Navas\u201d, \u201cAlmanzor\u201d y \u201cGalileo Galilei\u201d.<\/p>\n<p>Como autor teatral, podemos destacar, entre otras obras, \u00abLa Siesta\u00bb, \u00abEl Capit\u00e1n Malapata\u00bb, \u00abLa Cenicienta es as\u00ed\u00bb, \u00abEl Principito\u00bb (versi\u00f3n), \u00abLa Bella Durmiente\u00bb (versi\u00f3n), \u00abLa Joya del Nilo\u00bb y \u00abTrozos de piel rota\u00bb.<\/p>\n<p>En el plano cinematogr\u00e1fico destaca su trabajo como director esc\u00e9nico en la pel\u00edcula \u201cCaen piedras del cielo\u201d del director malague\u00f1o Rafatal Robles. Tambi\u00e9n ha ejercido su labor como director de galas de inauguraci\u00f3n del Festival de Cine Fant\u00e1stico de M\u00e1laga.<\/p>\n<p>Chencho Ortiz ha estado y est\u00e1 ligado a la asociaci\u00f3n ACUTEMA. Primero, como director teatral del Grupo de Teatro cl\u00e1sico griego y romano \u201cS\u00c9MELE\u201d, integrado por estudiantes de la Universidad y de la Escuela Superior de Arte Dram\u00e1tico, y en la actualidad ejerciendo sus funciones como vicepresidente asesor art\u00edstico.<\/p>\n<p>Su relaci\u00f3n con el flamenco viene de largo, habiendo trabajado con artistas m\u00edticos como Camar\u00f3n, Remedios Amaya o el Lebrijano.<\/p>\n<p><strong>Concha Gal\u00e1n<\/strong> es una reconocida artista y presentadora. En sus inicios, su carrera ha estado estrechamente vinculada a\u00a0<a href=\"https:\/\/es.wikipedia.org\/wiki\/Televisi%C3%B3n_Espa%C3%B1ola\">Televisi\u00f3n Espa\u00f1ola<\/a>, donde se asoma por primera vez en 1984 como concursante en el programa\u00a0<em><a href=\"https:\/\/es.wikipedia.org\/wiki\/Un,_dos,_tres..._responda_otra_vez\">Un, dos, tres&#8230; responda otra vez<\/a><\/em>.<\/p>\n<p>Finalizados sus estudios, en 1989 se incorpora a la plantilla de presentadores de\u00a0<em><a href=\"https:\/\/es.wikipedia.org\/wiki\/A_mi_manera\">A mi manera<\/a><\/em>, el espacio que conduc\u00eda\u00a0<a href=\"https:\/\/es.wikipedia.org\/wiki\/Jes%C3%BAs_Hermida\">Jes\u00fas Hermida<\/a>, y del que m\u00e1s tarde tom\u00f3 el testigo\u00a0<a href=\"https:\/\/es.wikipedia.org\/wiki\/Mar%C3%ADa_Teresa_Campos\">Mar\u00eda Teresa Campos<\/a>, y donde se ocupa de la secci\u00f3n de cocina<\/p>\n<p>En los a\u00f1os siguientes, adem\u00e1s de presentar espacios de variedades como\u00a0<em><a href=\"https:\/\/es.wikipedia.org\/w\/index.php?title=Hoy_de_6_a_7&amp;action=edit&amp;redlink=1\">Hoy de 6 a 7<\/a><\/em>\u00a0(1990) o\u00a0<em><a href=\"https:\/\/es.wikipedia.org\/wiki\/El_show_de_la_una\">El show de la una<\/a><\/em>(1993), ambos junto a Goyo Gonz\u00e1lez, une su destino profesional al de\u00a0<a href=\"https:\/\/es.wikipedia.org\/wiki\/Mar%C3%ADa_Teresa_Campos\">Mar\u00eda Teresa Campos<\/a>, a la que acompa\u00f1a en el macro-programa que la malague\u00f1a conduce en TVE:\u00a0<em><a href=\"https:\/\/es.wikipedia.org\/wiki\/Pasa_la_vida\">Pasa la vida<\/a><\/em>\u00a0(1991-1996).<\/p>\n<p>Durante esta etapa,\u00a0<a href=\"https:\/\/es.wikipedia.org\/wiki\/Televisi%C3%B3n_Espa%C3%B1ola\">TVE<\/a>\u00a0la ficha para la presentaci\u00f3n de eventos especiales, como la presentaci\u00f3n del jurado espa\u00f1ol del<a href=\"https:\/\/es.wikipedia.org\/wiki\/Festival_de_Eurovisi%C3%B3n\">festival de Eurovisi\u00f3n<\/a>\u00a0en\u00a0<a href=\"https:\/\/es.wikipedia.org\/wiki\/1995\">1995<\/a>\u00a0y\u00a0<a href=\"https:\/\/es.wikipedia.org\/wiki\/1996\">1996<\/a>, y en las campanadas de fin de a\u00f1o 1996-1997, junto a Carlos Soto (<a href=\"https:\/\/es.wikipedia.org\/wiki\/Berm%C3%BAdez_(humorista)\">Berm\u00fadez<\/a>)<\/p>\n<p>Una vez que se cancela\u00a0<em><a href=\"https:\/\/es.wikipedia.org\/wiki\/Pasa_la_vida\">Pasa la vida<\/a><\/em>, Gal\u00e1n prueba suerte como presentadora en solitario del\u00a0<em><a href=\"https:\/\/es.wikipedia.org\/wiki\/Talk-show\">talk-show<\/a><\/em>\u00a0<em>\u00a1Vaya l\u00edo!<\/em>\u00a0(1997), y tambi\u00e9n comparte plat\u00f3 con\u00a0<a href=\"https:\/\/es.wikipedia.org\/wiki\/Ram%C3%B3n_Garc%C3%ADa\">Ram\u00f3n Garc\u00eda<\/a>\u00a0en el magazine\u00a0<em>Tardes de primera<\/em>\u00a0(1996) y los concursos\u00a0<em><a href=\"https:\/\/es.wikipedia.org\/wiki\/La_llamada_de_la_suerte\">La llamada de la suerte<\/a><\/em>\u00a0(1998)<sup><a href=\"https:\/\/es.wikipedia.org\/wiki\/Concha_Gal%C3%A1n#cite_note-1\">1<\/a><\/sup>\u200b y\u00a0<em>Todo en familia<\/em>\u00a0(1999).<\/p>\n<p>Tras pasar por\u00a0<a href=\"https:\/\/es.wikipedia.org\/wiki\/Antena_3\">Antena 3<\/a>\u00a0con el concurso\u00a0<em>El Cron\u00f3metro<\/em>\u00a0(1999), en 2002 fue contratada por la cadena del\u00a0<a href=\"https:\/\/es.wikipedia.org\/wiki\/Grupo_PRISA\">Grupo PRISA<\/a><a href=\"https:\/\/es.wikipedia.org\/wiki\/Localia\">Localia<\/a>\u00a0para presentar el magazine\u00a0<em>Cada ma\u00f1ana<\/em>, donde coincide con un por entonces desconocido\u00a0<a href=\"https:\/\/es.wikipedia.org\/wiki\/Jaime_Cantizano\">Jaime Cantizano<\/a>.<\/p>\n<p>Sus \u00faltimas colaboraciones han sido en\u00a0<em><a href=\"https:\/\/es.wikipedia.org\/w\/index.php?title=Locos_por_Madrid&amp;action=edit&amp;redlink=1\">Locos por Madrid<\/a><\/em>\u00a0(2006-2007), el programa que\u00a0<a href=\"https:\/\/es.wikipedia.org\/wiki\/Alfredo_Urdaci\">Alfredo Urdaci<\/a>\u00a0conduce en\u00a0<a href=\"https:\/\/es.wikipedia.org\/wiki\/La_10_Madrid\">Onda 6<\/a>.<\/p>\n<p>Desde 2008 presenta el programa\u00a0<em><a href=\"https:\/\/es.wikipedia.org\/w\/index.php?title=Sin_salir_de_casa&amp;action=edit&amp;redlink=1\">Sin salir de casa<\/a><\/em>\u00a0en el canal de Movistar TV y ONO\u00a0<em><a href=\"https:\/\/es.wikipedia.org\/wiki\/Decasa\">Decasa<\/a><\/em>.<\/p>\n<p>Desde abril de 2011 colabora y ejerce de presentadora sustituta del programa\u00a0<em>Te damos la tarde<\/em>\u00a0de\u00a0<a href=\"https:\/\/es.wikipedia.org\/wiki\/Nieves_Herrero\">Nieves Herrero<\/a>\u00a0en\u00a0<a href=\"https:\/\/es.wikipedia.org\/wiki\/13_TV\">13 TV<\/a>, desde octubre de ese mismo a\u00f1o compagina dicho espacio con su colaboraci\u00f3n en el magazine matinal\u00a0<em>Te damos la ma\u00f1ana<\/em>\u00a0de\u00a0<a href=\"https:\/\/es.wikipedia.org\/wiki\/In%C3%A9s_Ballester\">In\u00e9s Ballester<\/a>\u00a0y tambi\u00e9n en 13Tv.<\/p>\n<p><strong>Carmen Fernanda <\/strong>se licenci\u00f3 en danza espa\u00f1ola y es directora del estudio que lleva su nombre. Sus maestros fueron Angelita Didier, Tona Radely, Eloy Pericet, Matilde Coral, Pedro Azor\u00edn, la \u201cTati\u201d y Paco Romero, entre otros. En sus actuaciones nacionales e internacionales ha compartido escenario con Pepe de C\u00f3rdoba, Pepe de la Isla, Gloria Vargas, Pepito Vargas, Paco de Alba, etc.<\/p>\n<p>Su gran calidad art\u00edstica ha sido reconocida en M\u00e1laga por el Ayuntamiento, al dedicarle un Jard\u00edn con su nombre en la barriada El Torcal.<\/p>\n<p><strong><a href=\"http:\/\/www.malagahoy.es\/ocio\/teatro-Malaga-nombre-mujer_0_205479482.html\" target=\"_blank\" rel=\"noopener\">Chencho Ortiz rememora los or\u00edgenes de las representaciones modernas en el Teatro Romano de M\u00e1laga<\/a><\/strong><\/p>\n<p><span style=\"color: #0000ff;\"><strong><a href=\"http:\/\/En sus inicios, su carrera ha estado estrechamente vinculada a Televisi\u00f3n Espa\u00f1ola, donde se asoma por primera vez en 1984 como concursante en el programa Un, dos, tres... responda otra vez. Finalizados sus estudios, en 1989 se incorpora a la plantilla de presentadores de A mi manera, el espacio que conduc\u00eda Jes\u00fas Hermida, y del que m\u00e1s tarde tom\u00f3 el testigo Mar\u00eda Teresa Campos, y donde se ocupa de la secci\u00f3n de cocina En los a\u00f1os siguientes, adem\u00e1s de presentar espacios de variedades como Hoy de 6 a 7 (1990) o El show de la una(1993), ambos junto a Goyo Gonz\u00e1lez, une su destino profesional al de Mar\u00eda Teresa Campos, a la que acompa\u00f1a en el macro-programa que la malague\u00f1a conduce en TVE: Pasa la vida (1991-1996). Durante esta etapa, TVE la ficha para la presentaci\u00f3n de eventos especiales, como la presentaci\u00f3n del jurado espa\u00f1ol delfestival de Eurovisi\u00f3n en 1995 y 1996, y en las campanadas de fin de a\u00f1o 1996-1997, junto a Carlos Soto (Berm\u00fadez) Una vez que se cancela Pasa la vida, Gal\u00e1n prueba suerte como presentadora en solitario del talk-show \u00a1Vaya l\u00edo! (1997), y tambi\u00e9n comparte plat\u00f3 con Ram\u00f3n Garc\u00eda en el magazine Tardes de primera (1996) y los concursos La llamada de la suerte (1998)1 y Todo en familia (1999). Tras pasar por Antena 3 con el concurso El Cron\u00f3metro (1999), en 2002 fue contratada por la cadena del Grupo PRISALocalia para presentar el magazine Cada ma\u00f1ana, donde coincide con un por entonces desconocido Jaime Cantizano. Sus \u00faltimas colaboraciones han sido en Locos por Madrid (2006-2007), el programa que Alfredo Urdaci conduce en Onda 6. Desde 2008 presenta el programa Sin salir de casa en el canal de Movistar TV y ONO Decasa. Desde abril de 2011 colabora y ejerce de presentadora sustituta del programa Te damos la tarde de Nieves Herrero en 13 TV, desde octubre de ese mismo a\u00f1o compagina dicho espacio con su colaboraci\u00f3n en el magazine matinal Te damos la ma\u00f1ana de In\u00e9s Ballester y tambi\u00e9n en 13Tv.\" target=\"_blank\" rel=\"noopener\">El blog de Concha Gal\u00e1n<\/a><\/strong><\/span><\/p>\n<p><strong><a href=\"http:\/\/carmenfernanda.es\/\" target=\"_blank\" rel=\"noopener\">Estudio de Danza Carmen Fernanda<\/a><\/strong><\/p>\n<h2><span style=\"color: #0000ff;\">Sesiones de las 10:00, las 12:00 y las 16:30 destinadas a centros educativos:<\/span><\/h2>\n<ul>\n<li>\n<h3>Contactar\u00a0con la Asociaci\u00f3n Cultural de Teatro Grecolatino de M\u00e1laga (ACUTEMA) mediante correo electr\u00f3nico a <a href=\"mailto:teatrogrecolatino@acutema.org\">teatrogrecolatino@acutema.org<\/a>\u00a0o\u00a0SMS al 609 185 174.\u00a0Web:\u00a0\u00a0 <a href=\"http:\/\/www.acutema.org\">http:\/\/www.acutema.org<\/a><\/h3>\n<\/li>\n<\/ul>\n<h2><span style=\"color: #0000ff;\">Sesi\u00f3n de las 18:00h.\u00a0destinada al p\u00fablico en general y centros educativos<\/span><\/h2>\n<ul>\n<li>\n<h3>Desde el 11\u00a0hasta el 25\u00a0de Marzo\u00a0(aportaci\u00f3n de 6\u00a0\u20ac) : contactar con teatrogrecolatino@acutema.org (solo grupos escolares) o la ESAD de M\u00e1laga (<a href=\"http:\/\/www.esadmalaga.com\/\" target=\"_blank\" rel=\"noopener\">http:\/\/www.esadmalaga.com\/<\/a>)<\/h3>\n<\/li>\n<\/ul>\n<h3><\/h3>\n<h3><span style=\"color: #0000ff;\"><strong>OBSERVACIONES<\/strong><\/span><\/h3>\n<ol>\n<li>\n<h2>No hay lugar alternativo de representaci\u00f3n en caso de suspensi\u00f3n por lluvia. Para decidir la suspensi\u00f3n nos atendremos a los protocolos que publicaremos en nuestra web.<\/h2>\n<\/li>\n<li>\n<h2>Se recuerda al profesorado\u00a0que no es un Festival adecuado para alumnado\u00a0de cursos inferiores a 3\u00ba de ESO.<\/h2>\n<\/li>\n<li>\n<h2>Asimismo, se recuerda a los profesores\/as que deben permanecer con su alumnado desde el momento en que accedan al teatro hasta la salida.<\/h2>\n<\/li>\n<\/ol>\n<h3><\/h3>\n<h3><span style=\"color: #ff00ff;\"><strong>Organizan<\/strong>:<\/span> Asociaci\u00f3n Cultural de Teatro Grecolatino de M\u00e1laga (ACUTEMA) e Instituto de Teatro Cl\u00e1sico Grecolatino de Andaluc\u00eda.<\/h3>\n<h3><span style=\"color: #ff00ff;\"><strong>Patrocinan<\/strong>:<\/span> Consejer\u00eda de Turismo, Cultura y Deportes de la Junta de Andaluc\u00eda y \u00c1reas de Cultura y Educaci\u00f3n del Ayuntamiento de M\u00e1laga.<\/h3>\n<h3><span style=\"color: #ff00ff;\"><strong>Colaboran<\/strong>:<\/span> Universidad de M\u00e1laga (Vicerrectorado de Cultura y Deportes), Sociedad Espa\u00f1ola de Estudios Cl\u00e1sicos, \u00c1rea de Filolog\u00eda Griega de la UMA y Restaurante \u201cEl Pimpi\u201d.<\/h3>\n<h3><span style=\"color: #999999;\">Antecedentes hist\u00f3ricos:\u00a0<\/span><\/h3>\n<div class=\"embed-container\"><iframe loading=\"lazy\" title=\"Las Bacantes (Salvador T\u00e1vora)\" width=\"750\" height=\"563\" src=\"https:\/\/www.youtube.com\/embed\/P5s8anyhn8E?feature=oembed\" frameborder=\"0\" allow=\"accelerometer; autoplay; clipboard-write; encrypted-media; gyroscope; picture-in-picture; web-share\" allowfullscreen><\/iframe><\/div>\n<form action=\"https:\/\/www.paypal.com\/cgi-bin\/webscr\" method=\"post\" target=\"_top\"><\/form>\n","protected":false},"excerpt":{"rendered":"<p>ACUTEMA mantiene una colaboraci\u00f3n hist\u00f3rica con la Escuela Superior de Arte Dram\u00e1tico de M\u00e1laga (ESAD). Todo con el fin de mantener el auge del Teatro Cl\u00e1sico Grecolatino. Ah\u00ed estaremos siempre trabajando codo con codo. Dioniso en la representaci\u00f3n de \u00abLas Bacantes\u00bb de Eur\u00edpides, por la ESAD de M\u00e1laga. Festival Juvenil de Teatro Grecolatino de M\u00e9rida &hellip; <\/p>\n<p><a class=\"more-link btn\" href=\"https:\/\/acutema.org\/?page_id=52\">Seguir leyendo<\/a><\/p>\n","protected":false},"author":1,"featured_media":0,"parent":0,"menu_order":90,"comment_status":"closed","ping_status":"closed","template":"","meta":{"footnotes":""},"class_list":["post-52","page","type-page","status-publish","hentry","nodate","item-wrap"],"_links":{"self":[{"href":"https:\/\/acutema.org\/index.php?rest_route=\/wp\/v2\/pages\/52","targetHints":{"allow":["GET"]}}],"collection":[{"href":"https:\/\/acutema.org\/index.php?rest_route=\/wp\/v2\/pages"}],"about":[{"href":"https:\/\/acutema.org\/index.php?rest_route=\/wp\/v2\/types\/page"}],"author":[{"embeddable":true,"href":"https:\/\/acutema.org\/index.php?rest_route=\/wp\/v2\/users\/1"}],"replies":[{"embeddable":true,"href":"https:\/\/acutema.org\/index.php?rest_route=%2Fwp%2Fv2%2Fcomments&post=52"}],"version-history":[{"count":44,"href":"https:\/\/acutema.org\/index.php?rest_route=\/wp\/v2\/pages\/52\/revisions"}],"predecessor-version":[{"id":668,"href":"https:\/\/acutema.org\/index.php?rest_route=\/wp\/v2\/pages\/52\/revisions\/668"}],"wp:attachment":[{"href":"https:\/\/acutema.org\/index.php?rest_route=%2Fwp%2Fv2%2Fmedia&parent=52"}],"curies":[{"name":"wp","href":"https:\/\/api.w.org\/{rel}","templated":true}]}}