{"id":54,"date":"2016-01-15T14:27:08","date_gmt":"2016-01-15T14:27:08","guid":{"rendered":"http:\/\/acutema.org\/?page_id=54"},"modified":"2023-08-15T19:04:46","modified_gmt":"2023-08-15T19:04:46","slug":"contactar","status":"publish","type":"page","link":"https:\/\/acutema.org\/?page_id=54","title":{"rendered":"CONTACTAR\/REDES SOCIALES"},"content":{"rendered":"<h3><a href=\"mailto:teatrogrecolatino@acutema.org\">teatrogrecolatino@acutema.org<\/a><\/h3>\n<h3>Seminario de Griego<\/h3>\n<h3>Dpto. de Filolog\u00eda Griega<\/h3>\n<h3>Facultad de Filosof\u00eda y Letras<\/h3>\n<h3>Universidad de M\u00e1laga. Campus de Teatinos, s\/n<\/h3>\n<h3>29071 M\u00e1laga<\/h3>\n<h3>Tel\u00e9fono: 609 185 174<\/h3>\n<h3>Fax: 952 13 18 38<\/h3>\n<h3>La Asociaci\u00f3n ACUTEMA tambi\u00e9n est\u00e1 en las redes sociales:<\/h3>\n<h1><span style=\"color: #ff0000;\"><strong>FACEBOOK:\u00a0<\/strong><span style=\"color: #0000ff;\"><a href=\"https:\/\/www.facebook.com\/acutema\/\" target=\"_blank\" rel=\"noopener\">https:\/\/www.facebook.com\/acutema\/<\/a><\/span><\/span><\/h1>\n","protected":false},"excerpt":{"rendered":"<p>teatrogrecolatino@acutema.org Seminario de Griego Dpto. de Filolog\u00eda Griega Facultad de Filosof\u00eda y Letras Universidad de M\u00e1laga. Campus de Teatinos, s\/n 29071 M\u00e1laga Tel\u00e9fono: 609 185 174 Fax: 952 13 18 38 La Asociaci\u00f3n ACUTEMA tambi\u00e9n est\u00e1 en las redes sociales: FACEBOOK:\u00a0https:\/\/www.facebook.com\/acutema\/<\/p>\n","protected":false},"author":1,"featured_media":0,"parent":0,"menu_order":100,"comment_status":"closed","ping_status":"closed","template":"","meta":{"footnotes":""},"class_list":["post-54","page","type-page","status-publish","hentry","nodate","item-wrap"],"_links":{"self":[{"href":"https:\/\/acutema.org\/index.php?rest_route=\/wp\/v2\/pages\/54","targetHints":{"allow":["GET"]}}],"collection":[{"href":"https:\/\/acutema.org\/index.php?rest_route=\/wp\/v2\/pages"}],"about":[{"href":"https:\/\/acutema.org\/index.php?rest_route=\/wp\/v2\/types\/page"}],"author":[{"embeddable":true,"href":"https:\/\/acutema.org\/index.php?rest_route=\/wp\/v2\/users\/1"}],"replies":[{"embeddable":true,"href":"https:\/\/acutema.org\/index.php?rest_route=%2Fwp%2Fv2%2Fcomments&post=54"}],"version-history":[{"count":4,"href":"https:\/\/acutema.org\/index.php?rest_route=\/wp\/v2\/pages\/54\/revisions"}],"predecessor-version":[{"id":739,"href":"https:\/\/acutema.org\/index.php?rest_route=\/wp\/v2\/pages\/54\/revisions\/739"}],"wp:attachment":[{"href":"https:\/\/acutema.org\/index.php?rest_route=%2Fwp%2Fv2%2Fmedia&parent=54"}],"curies":[{"name":"wp","href":"https:\/\/api.w.org\/{rel}","templated":true}]}}