{"id":856,"date":"2024-09-11T12:05:35","date_gmt":"2024-09-11T12:05:35","guid":{"rendered":"https:\/\/acutema.org\/?page_id=856"},"modified":"2025-03-24T20:15:28","modified_gmt":"2025-03-24T20:15:28","slug":"xxi-festival-2025","status":"publish","type":"page","link":"https:\/\/acutema.org\/?page_id=856","title":{"rendered":"XXI FESTIVAL (2025)"},"content":{"rendered":"<h4><strong><span style=\"color: #ff00ff;\"><span style=\"color: #0000ff;\">XXI FESTIVAL JUVENIL DE TEATRO GRECOLATINO DE M\u00c1LAGA (26 y 27 DE MARZO)<\/span><br \/><\/span><\/strong><\/h4>\n<h4><strong><span style=\"color: #000000;\">Inscripci\u00f3n para centros educativos (s\u00f3lo para recogida de datos):<\/span><\/strong><\/h4>\n<p><a href=\"https:\/\/forms.gle\/BcScoSzFTj4pCgkXA\" target=\"_blank\" rel=\"noopener\">https:\/\/forms.gle\/BcScoSzFTj4pCgkXA<\/a><\/p>\n<h4><span style=\"color: #0000ff;\"><strong><span style=\"color: #000000;\">Instrucciones para la reserva. Solicitar informaci\u00f3n en:<\/span> <\/strong><\/span><\/h4>\n<p><img loading=\"lazy\" decoding=\"async\" class=\"alignnone size-full wp-image-476\" src=\"https:\/\/acutema.org\/wp-content\/uploads\/Email-teatro-2.jpg\" alt=\"\" width=\"289\" height=\"86\" \/><\/p>\n<h3><span style=\"color: #ff0000;\"><strong>COORDINADOR<\/strong><\/span><\/h3>\n<h3>Antonio L\u00f3pez G\u00e1miz<\/h3>\n<h3><span style=\"color: #0000ff;\"><strong>LUGAR<\/strong><\/span><\/h3>\n<h4><span style=\"color: #ff00ff;\">Patio del Palacio de la Aduana<\/span> (Centro Hist\u00f3rico de M\u00e1laga, a 1 minutos a pie del el Teatro Romano, 350 espectadores)<\/h4>\n<p><span style=\"color: #ff0000;\">(INFORMACI\u00d3N ACTUALIZADA A 9\/01\/2025)<\/span><\/p>\n<h3><span style=\"color: #0000ff;\"><strong>D\u00cdA 26 DE MARZO,\u00a0 MI\u00c9RCOLES<\/strong><\/span><\/h3>\n<h3>9:45h: <span style=\"color: #ff0000;\">ANT\u00cdGONA<\/span>, de S\u00f3focles<\/h3>\n<h3><span style=\"color: #800080;\">Corzo Producciones, de A Coru\u00f1a<\/span><\/h3>\n<p><a href=\"https:\/\/www.facebook.com\/corzoproducciones\">https:\/\/www.facebook.com\/corzoproducciones<\/a><\/p>\n<h3>12h.: <span style=\"color: #ff0000;\">ANFITRI\u00d3N<\/span><strong>, <\/strong>de Plauto\u00a0<span style=\"color: #ff0000;\">(COMPLETO)<\/span><\/h3>\n<h3><span style=\"color: #800080;\">Corzo Producciones, de A Coru\u00f1a<\/span><\/h3>\n<p><a href=\"https:\/\/acutema.org\/wp-content\/uploads\/Personajes-Anfitrion-12h.zip\">Personajes Anfitri\u00f3n 12h<\/a><\/p>\n<p>Algunos v\u00eddeos de obras anteriores de Corzo Producciones: <a href=\"https:\/\/youtu.be\/XVnC5Raqv7s\" target=\"_blank\" rel=\"noopener\">ASINARIA, de Plauto,<\/a> <a href=\"https:\/\/youtu.be\/rcimbkitjGk\" target=\"_blank\" rel=\"noopener\">C\u00c1SINA, de Plauto<\/a><\/p>\n<h3>16,30h: <span style=\"color: #ff0000;\">ANT\u00cdGONA<\/span>, de S\u00f3focles (plazas disponibles; bizum al 609 185 174 indicando la obra, nombre y apellidos y n\u00famero de entradas)<\/h3>\n<h3><span style=\"color: #800080;\">Corzo Producciones, de A Coru\u00f1a<\/span><\/h3>\n<p><a href=\"https:\/\/www.facebook.com\/corzoproducciones\">https:\/\/www.facebook.com\/corzoproducciones<\/a><\/p>\n<h3><span style=\"color: #0000ff;\"><strong>D\u00cdA 27 DE MARZO,\u00a0 JUEVES<\/strong><\/span><\/h3>\n<p>Lectura del mensaje de Theodoros Terzopoulos con motivo del D\u00eda Mundial del Teatro (<a href=\"https:\/\/noticiasclave.net\/es\/noticia\/mensaje-del-dia-mundial-del-teatro-2025-.html\">https:\/\/noticiasclave.net\/es\/noticia\/mensaje-del-dia-mundial-del-teatro-2025-.html<\/a>)<\/p>\n<h3>9:45h: <span style=\"color: #ff0000;\">ANDR\u00d3MACA<\/span>, de Eur\u00edpides <span style=\"color: #ff0000;\">(COMPLETO)<\/span><\/h3>\n<h3><span style=\"color: #800080;\">Alezeia Teatro, del Colegio Maravillas de Benalm\u00e1dena (M\u00e1laga)<\/span><\/h3>\n<p><u><a href=\"https:\/\/www.facebook.com\/alezeiateatro\/\">https:\/\/www.facebook.com\/alezeiateatro\/<\/a><\/u><\/p>\n<p>Algunos v\u00eddeos de obras anteriores de Alezeia Teatro: <a href=\"https:\/\/www.youtube.com\/watch?v=iMDe_CI2CtQ\" target=\"_blank\" rel=\"noopener\">Encuentro en el \u00c9rebo<\/a><\/p>\n<h3>12h: <span style=\"color: #ff0000;\">CISTELLARIA<\/span><strong>, <\/strong>de Plauto <span style=\"color: #ff0000;\">(COMPLETO)<\/span><\/h3>\n<h3><span style=\"color: #800080;\"><strong>Grupo P\u00e1rodos, del\u00a0IES\u00a0&#8216;Siberia Extreme\u00f1a&#8217; de Talarrubias (Badajoz)<\/strong><\/span><\/h3>\n<p><a href=\"https:\/\/iessiberiaextrem.educarex.es\/index.php\/proyectos\/grupoteatro\">https:\/\/iessiberiaextrem.educarex.es\/index.php\/proyectos\/grupoteatro<\/a><\/p>\n<p>Algunos v\u00eddeos de P\u00e1rodos Teatro: <a href=\"https:\/\/youtu.be\/YICs2E9FRzM?feature=shared\" target=\"_blank\" rel=\"noopener\">LAS BACANTES, de Eur\u00edpides<\/a><\/p>\n<h3>16:30h: <span style=\"color: #ff0000;\">LAS BACANTES<\/span><strong>, <\/strong>de Eur\u00edpides (plazas disponibles; bizum al 609 185 174 indicando la obra, nombre y apellidos y n\u00famero de entradas)<\/h3>\n<h3><span style=\"color: #800080;\"><strong>Grupo P\u00e1rodos, del\u00a0IES\u00a0&#8216;Siberia Extreme\u00f1a&#8217; de Talarrubias (Badajoz)<\/strong><\/span><\/h3>\n<p><a href=\"https:\/\/iessiberiaextrem.educarex.es\/index.php\/proyectos\/grupoteatro\">https:\/\/iessiberiaextrem.educarex.es\/index.php\/proyectos\/grupoteatro<\/a><\/p>\n<h4><strong>Modo de inscribirse y hacer la reserva: <\/strong><\/h4>\n<h4>Contactar\u00a0con la Asociaci\u00f3n Cultural de Teatro Grecolatino de M\u00e1laga (ACUTEMA) mediante correo electr\u00f3nico a\u00a0<a href=\"mailto:teatrogrecolatino@acutema.org\">teatrogrecolatino@acutema.org<\/a> o SMS al 609 185 174. Web:\u00a0\u00a0\u00a0<a href=\"http:\/\/www.acutema.org\/\">http:\/\/www.acutema.org<\/a><\/h4>\n<p>OBSERVACIONES:<br \/>1. El Teatro Romano est\u00e1 inhabilitado para su uso teatral debido a obras de \u00abinminente\u00bb realizaci\u00f3n. Las representaciones tendr\u00e1n lugar en el Palacio de la Aduana, a 1 minuto a pie del Teatro Romano.<br \/>2. No hay lugar alternativo de representaci\u00f3n en caso de suspensi\u00f3n por lluvia.<br \/>3. Se recuerda al profesorado que no es un Festival adecuado para alumnado de cursos inferiores a 3\u00ba de ESO.<br \/>4. Asimismo, se recuerda a los profesores\/as que deben permanecer con su alumnado desde el momento en que accedan al teatro hasta la salida. Tambi\u00e9n deber\u00e1n cumplir y hacer cumplir las normas sanitarias que en su caso deban aplicarse.<\/p>\n<h3><strong>Organiza<\/strong>: <span style=\"color: #ff00ff;\">Asociaci\u00f3n Cultural de Teatro Grecolatino de M\u00e1laga (ACUTEMA)<\/span><\/h3>\n<h3><strong>Patrocinan<\/strong>: <span style=\"color: #0000ff;\">\u00c1rea de Cultura y Patrimonio del Ayuntamiento de M\u00e1laga y Delegaci\u00f3n Territorial de Turismo, Cultura y Deporte de la Junta de Andaluc\u00eda.<\/span><\/h3>\n<h3><strong>Colaboran<\/strong>: <span style=\"color: #ff0000;\">Delegaci\u00f3n Territorial de Desarrollo Educativo y Formaci\u00f3n Profesional; Agencia Andaluza de Instituciones Culturales; Red de Festivales de Teatro Grecolatino (Pr\u00f3sopon); Sociedad Espa\u00f1ola de Estudios Cl\u00e1sicos y \u00c1reas de Filolog\u00eda Griega y Filolog\u00eda Latina de la UMA.<\/span><\/h3>\n\n\n<figure class=\"wp-block-image size-full\"><img loading=\"lazy\" decoding=\"async\" width=\"720\" height=\"1013\" src=\"https:\/\/acutema.org\/wp-content\/uploads\/Cartel-2025.jpeg\" alt=\"\" class=\"wp-image-895\" srcset=\"https:\/\/acutema.org\/wp-content\/uploads\/Cartel-2025.jpeg 720w, https:\/\/acutema.org\/wp-content\/uploads\/Cartel-2025-213x300.jpeg 213w\" sizes=\"auto, (max-width: 720px) 100vw, 720px\" \/><\/figure>\n","protected":false},"excerpt":{"rendered":"<p>XXI FESTIVAL JUVENIL DE TEATRO GRECOLATINO DE M\u00c1LAGA (26 y 27 DE MARZO) Inscripci\u00f3n para centros educativos (s\u00f3lo para recogida de datos): https:\/\/forms.gle\/BcScoSzFTj4pCgkXA Instrucciones para la reserva. Solicitar informaci\u00f3n en: COORDINADOR Antonio L\u00f3pez G\u00e1miz LUGAR Patio del Palacio de la Aduana (Centro Hist\u00f3rico de M\u00e1laga, a 1 minutos a pie del el Teatro Romano, 350 &hellip; <\/p>\n<p><a class=\"more-link btn\" href=\"https:\/\/acutema.org\/?page_id=856\">Seguir leyendo<\/a><\/p>\n","protected":false},"author":1,"featured_media":0,"parent":0,"menu_order":30,"comment_status":"closed","ping_status":"closed","template":"","meta":{"footnotes":""},"class_list":["post-856","page","type-page","status-publish","hentry","nodate","item-wrap"],"_links":{"self":[{"href":"https:\/\/acutema.org\/index.php?rest_route=\/wp\/v2\/pages\/856","targetHints":{"allow":["GET"]}}],"collection":[{"href":"https:\/\/acutema.org\/index.php?rest_route=\/wp\/v2\/pages"}],"about":[{"href":"https:\/\/acutema.org\/index.php?rest_route=\/wp\/v2\/types\/page"}],"author":[{"embeddable":true,"href":"https:\/\/acutema.org\/index.php?rest_route=\/wp\/v2\/users\/1"}],"replies":[{"embeddable":true,"href":"https:\/\/acutema.org\/index.php?rest_route=%2Fwp%2Fv2%2Fcomments&post=856"}],"version-history":[{"count":15,"href":"https:\/\/acutema.org\/index.php?rest_route=\/wp\/v2\/pages\/856\/revisions"}],"predecessor-version":[{"id":907,"href":"https:\/\/acutema.org\/index.php?rest_route=\/wp\/v2\/pages\/856\/revisions\/907"}],"wp:attachment":[{"href":"https:\/\/acutema.org\/index.php?rest_route=%2Fwp%2Fv2%2Fmedia&parent=856"}],"curies":[{"name":"wp","href":"https:\/\/api.w.org\/{rel}","templated":true}]}}