{"id":909,"date":"2025-08-30T10:46:50","date_gmt":"2025-08-30T10:46:50","guid":{"rendered":"https:\/\/acutema.org\/?page_id=909"},"modified":"2026-03-19T12:05:10","modified_gmt":"2026-03-19T12:05:10","slug":"xxi-festival-2025-2","status":"publish","type":"page","link":"https:\/\/acutema.org\/","title":{"rendered":"XXII FESTIVAL (2026)"},"content":{"rendered":"<h4><strong><span style=\"color: #ff00ff;\"><span style=\"color: #0000ff;\">XXII FESTIVAL JUVENIL DE TEATRO GRECOLATINO DE M\u00c1LAGA (15 y 16 DE ABRIL)<\/span><br \/>\n<\/span><\/strong><\/h4>\n<h4><strong><span style=\"color: #000000;\">Inscripci\u00f3n para centros educativos (s\u00f3lo para recogida de datos):<\/span><\/strong><\/h4>\n<p><a href=\"https:\/\/forms.gle\/5icJsRf9FxqAx5zE7\">https:\/\/forms.gle\/5icJsRf9FxqAx5zE7<\/a><\/p>\n<h4><span style=\"color: #0000ff;\"><strong><span style=\"color: #000000;\">Instrucciones para la reserva. Solicitar informaci\u00f3n en:<\/span> <\/strong><\/span><\/h4>\n<p><img loading=\"lazy\" decoding=\"async\" class=\"alignnone size-full wp-image-476\" src=\"https:\/\/acutema.org\/wp-content\/uploads\/Email-teatro-2.jpg\" alt=\"\" width=\"289\" height=\"86\" \/><\/p>\n<h3><span style=\"color: #ff0000;\"><strong>COORDINADOR<\/strong><\/span><\/h3>\n<h3>Antonio L\u00f3pez G\u00e1miz<\/h3>\n<h3><span style=\"color: #0000ff;\"><strong>LUGAR<\/strong><\/span><\/h3>\n<h4><span style=\"color: #000000;\">Palacio de la Aduana, Museo de M\u00e1laga\u00a0<span style=\"color: #ff00ff;\">(a 1 minuto a pie del Teatro Romano de M\u00e1laga)<\/span><\/span><\/h4>\n<p><span style=\"color: #0000ff;\">Plazas disponibles: 350 espectadores<\/span><\/p>\n<p><span style=\"color: #ff0000;\">(INFORMACI\u00d3N ACTUALIZADA A\u00a0 17\/02\/2026)<\/span><\/p>\n<h3><span style=\"color: #0000ff;\"><strong>D\u00cdA 15 DE ABRIL,\u00a0 MI\u00c9RCOLES<\/strong><\/span><\/h3>\n<h3>10:00h: <span style=\"color: #ff0000;\">MEDEA<\/span>, de Eur\u00edpides <span style=\"color: #ff0000;\">(COMPLETO)<\/span><\/h3>\n<h3><span style=\"color: #800080;\">Elenco Teatro, de Almu\u00f1\u00e9car (Granada)<\/span><\/h3>\n<p><a href=\"https:\/\/elencoteatro.es\/\">https:\/\/elencoteatro.es\/<\/a><\/p>\n<h3>12:15h.: <span style=\"color: #ff0000;\">MILES GLORIOSUS<\/span><strong>, <\/strong>de Plauto <span style=\"color: #ff0000;\">(COMPLETO)<\/span><\/h3>\n<h3><span style=\"color: #800080;\">Grupo Summa Cavea, de Mor\u00f3n de la Frontera (Sevilla)<\/span><\/h3>\n<p><a href=\"https:\/\/moroninformacion.es\/cultura\/el-grupo-de-teatro-summa-cavea-presente-en-el-festival-juvenil-de-teatro-grecolatino\/\">https:\/\/moroninformacion.es\/cultura\/el-grupo-de-teatro-summa-cavea-presente-en-el-festival-juvenil-de-teatro-grecolatino\/<\/a><\/p>\n<h3>16,30h: <span style=\"color: #ff0000;\">MOSTELLARIA<\/span>, de Plauto<\/h3>\n<h3><span style=\"color: #800080;\">Elenco Teatro, de Almu\u00f1\u00e9car (Granada)<\/span><\/h3>\n<p><a href=\"https:\/\/elencoteatro.es\/\">https:\/\/elencoteatro.es\/<\/a><\/p>\n<h3><span style=\"color: #0000ff;\"><strong>D\u00cdA 16 DE ABRIL,\u00a0 JUEVES<\/strong><\/span><\/h3>\n<h3>10:00h: <span style=\"color: #ff0000;\">EL C\u00cdCLOPE<\/span>, drama sat\u00edrico de Eur\u00edpides <span style=\"color: #ff0000;\">(\u00daltimas plazas. Consultar disponibilidad por email)<\/span><\/h3>\n<h3><span style=\"color: #800080;\">Alezeia Teatro, del Colegio Maravillas de Benalm\u00e1dena (M\u00e1laga)<\/span><\/h3>\n<p><u><a href=\"https:\/\/www.facebook.com\/alezeiateatro\/\">https:\/\/www.facebook.com\/alezeiateatro\/<\/a><\/u><\/p>\n<p>Algunos v\u00eddeos de obras anteriores de Alezeia Teatro: <a href=\"https:\/\/www.youtube.com\/watch?v=iMDe_CI2CtQ\" target=\"_blank\" rel=\"noopener\">Encuentro en el \u00c9rebo<\/a><\/p>\n<h3>12,15h: <span style=\"color: #ff0000;\">ELECTRA<\/span><strong>, <\/strong>de S\u00f3focles <span style=\"color: #ff0000;\">(COMPLETO)<\/span><\/h3>\n<h3><span style=\"color: #800080;\"><strong>Grupo La Nave Argo, del Colegio Inmaculada Jesuitas de Alicante<\/strong><\/span><\/h3>\n<p><a href=\"https:\/\/sites.google.com\/colegio-inmaculada.org\/lanaveargo\/p%C3%A1gina-principal\">https:\/\/sites.google.com\/colegio-inmaculada.org\/lanaveargo\/p%C3%A1gina-principal<\/a><\/p>\n<h3>16:30h: <span style=\"color: #ff0000;\">LIS\u00cdSTRATA<\/span><strong>, <\/strong>de Arist\u00f3fanes<\/h3>\n<h3><strong style=\"color: #800080; font-family: inherit;\">Grupo de Teatro de Mayores de la Junta de Distrito n\u00ba8 de Churriana, M\u00e1laga<\/strong><\/h3>\n<p class=\"western\" align=\"left\">Algunas v\u00eddeos del Taller de Teatro de Mayores:<\/p>\n<p class=\"western\" align=\"left\">Lis\u00edstrata:<\/p>\n<p class=\"western\" align=\"left\"><span style=\"color: #000080;\"><u><a href=\"https:\/\/youtu.be\/sLcDq1kai9A?feature=shared\">https:\/\/youtu.be\/sLcDq1kai9A?feature=shared<\/a><\/u><\/span><\/p>\n<p class=\"western\" align=\"left\">Vamos a poner el Bel\u00e9n:<\/p>\n<p class=\"western\" align=\"left\"><span style=\"color: #000080;\"><u><a href=\"https:\/\/youtu.be\/sLcDq1kai9A?feature=shared\">https:\/\/youtu.be\/v9I-E8XOXz0?si=nKfcEkkOeAYyfyfP<\/a><\/u><\/span><\/p>\n<h4><\/h4>\n<h4><span style=\"color: #ff0000;\"><strong>Modo de hacer la reserva, tras haberse inscrito (para centros educativos): <\/strong><\/span><\/h4>\n<p>Seguir las instrucciones recibidas de\u00a0 <a href=\"mailto:teatrogrecolatino@acutema.org\">teatrogrecolatino@acutema.org<\/a>\u00a0 . M\u00e1s informaci\u00f3n en:<\/p>\n<ul>\n<li>SMS al 609 185 174<\/li>\n<li>Web:\u00a0\u00a0 <a href=\"http:\/\/www.acutema.org\/\">http:\/\/www.acutema.org<\/a><\/li>\n<\/ul>\n<h4><span style=\"color: #ff0000;\"><strong>C\u00f3mo adquirir entradas para la sesi\u00f3n de\u00a0<span style=\"color: #0000ff;\">LIS\u00cdSTRATA (Jueves 16, 16:30 horas):<\/span><\/strong><\/span><\/h4>\n<ul>\n<li>Consiguiendo entradas en los puntos de reparto.<\/li>\n<li>Mediante bizum al 609 185 174 indicando nombre y apellidos, tel\u00e9fono y n\u00famero de entradas (ej. Juan P\u00e9rez P\u00e9rez, 609185174, 3). Aportaci\u00f3n por entrada: <span style=\"color: #ff0000;\"><strong>7,5 euros.\u00a0<\/strong><span style=\"color: #000000;\">Enviamos SMS de confirmaci\u00f3n.<\/span><\/span><\/li>\n<\/ul>\n<p>&nbsp;<\/p>\n<p><strong>OBSERVACIONES:<\/strong><\/p>\n<ol>\n<li>\u00a0Las representaciones tendr\u00edan lugar en el Palacio de la Aduana, a 1 minuto a pie del Teatro Romano.<\/li>\n<li>No hay lugar alternativo de representaci\u00f3n en caso de suspensi\u00f3n por lluvia.<\/li>\n<li>Se recuerda al profesorado que, a excepci\u00f3n de la sesi\u00f3n del mi\u00e9rcoles 15 abril a las 12 (\u00abMiles Gloriosus\u00bb),\u00a0 el resto de las sesiones no son adecuadas\u00a0 para alumnado de cursos inferiores a 3\u00ba de ESO.<\/li>\n<li>Los profesores\/as deber\u00e1n permanecer con su alumnos\/as desde el momento en que accedan al teatro hasta la salida. Tambi\u00e9n deber\u00e1n cumplir y hacer cumplir las normas sanitarias que en su caso deban aplicarse.<\/li>\n<li>Para la sesi\u00f3n de <strong><span style=\"color: #ff0000;\"><span style=\"font-family: Liberation Serif, Times New Roman, serif;\"><span style=\"font-size: medium;\">LIS\u00cdSTRATA<\/span><\/span><\/span><\/strong> se deber\u00e1 ir provisto de la correspondiente justificaci\u00f3n de entrada, que ser\u00e1 mostrada a los voluntarios\/as a la entrada al Patio central donde tendr\u00e1n lugar la representaci\u00f3n.<\/li>\n<\/ol>\n<h3><strong>Organiza<\/strong>: <span style=\"color: #ff00ff;\">Asociaci\u00f3n Cultural de Teatro Grecolatino de M\u00e1laga (ACUTEMA).<\/span><\/h3>\n<h3><strong>Patrocinan<\/strong>: <span style=\"color: #0000ff;\">\u00c1rea de Cultura y Patrimonio del Ayuntamiento de M\u00e1laga y Delegaci\u00f3n Territorial de Turismo, Cultura y Deporte de la Junta de Andaluc\u00eda.<\/span><\/h3>\n<h3><strong>Colaboran<\/strong>: <span style=\"color: #ff0000;\">Delegaci\u00f3n Territorial de Desarrollo Educativo y Formaci\u00f3n Profesional; Agencia Andaluza de Instituciones Culturales; <strong style=\"font-family: inherit;\">Junta de Distrito n\u00ba8 de Churriana, M\u00e1laga; <\/strong>Red de Festivales de Teatro Grecolatino (Pr\u00f3sopon); Sociedad Espa\u00f1ola de Estudios Cl\u00e1sicos y \u00c1reas de Filolog\u00eda Griega y Filolog\u00eda Latina de la UMA.<\/span><\/h3>\n","protected":false},"excerpt":{"rendered":"<p>XXII FESTIVAL JUVENIL DE TEATRO GRECOLATINO DE M\u00c1LAGA (15 y 16 DE ABRIL) Inscripci\u00f3n para centros educativos (s\u00f3lo para recogida de datos): https:\/\/forms.gle\/5icJsRf9FxqAx5zE7 Instrucciones para la reserva. Solicitar informaci\u00f3n en: COORDINADOR Antonio L\u00f3pez G\u00e1miz LUGAR Palacio de la Aduana, Museo de M\u00e1laga\u00a0(a 1 minuto a pie del Teatro Romano de M\u00e1laga) Plazas disponibles: 350 espectadores &hellip; <\/p>\n<p><a class=\"more-link btn\" href=\"https:\/\/acutema.org\/\">Seguir leyendo<\/a><\/p>\n","protected":false},"author":1,"featured_media":0,"parent":0,"menu_order":30,"comment_status":"closed","ping_status":"closed","template":"","meta":{"footnotes":""},"class_list":["post-909","page","type-page","status-publish","hentry","nodate","item-wrap"],"_links":{"self":[{"href":"https:\/\/acutema.org\/index.php?rest_route=\/wp\/v2\/pages\/909","targetHints":{"allow":["GET"]}}],"collection":[{"href":"https:\/\/acutema.org\/index.php?rest_route=\/wp\/v2\/pages"}],"about":[{"href":"https:\/\/acutema.org\/index.php?rest_route=\/wp\/v2\/types\/page"}],"author":[{"embeddable":true,"href":"https:\/\/acutema.org\/index.php?rest_route=\/wp\/v2\/users\/1"}],"replies":[{"embeddable":true,"href":"https:\/\/acutema.org\/index.php?rest_route=%2Fwp%2Fv2%2Fcomments&post=909"}],"version-history":[{"count":26,"href":"https:\/\/acutema.org\/index.php?rest_route=\/wp\/v2\/pages\/909\/revisions"}],"predecessor-version":[{"id":965,"href":"https:\/\/acutema.org\/index.php?rest_route=\/wp\/v2\/pages\/909\/revisions\/965"}],"wp:attachment":[{"href":"https:\/\/acutema.org\/index.php?rest_route=%2Fwp%2Fv2%2Fmedia&parent=909"}],"curies":[{"name":"wp","href":"https:\/\/api.w.org\/{rel}","templated":true}]}}